{"id":1990,"date":"2018-02-15T09:23:46","date_gmt":"2018-02-15T09:23:46","guid":{"rendered":"http:\/\/guitarracordoba.tallerempresarial.com\/?page_id=1990"},"modified":"2026-01-27T10:04:40","modified_gmt":"2026-01-27T10:04:40","slug":"notas-de-prensa-y-fotos","status":"publish","type":"page","link":"https:\/\/teatrocordoba.es\/festival-guitarra-cordoba\/notas-de-prensa-y-fotos\/","title":{"rendered":"Dossier, fotos y v\u00eddeos"},"content":{"rendered":"<p><div class=\"fusion-fullwidth fullwidth-box fusion-builder-row-1 nonhundred-percent-fullwidth non-hundred-percent-height-scrolling fusion-equal-height-columns\" style=\"background-color: #f2e2ce;background-position: center center;background-repeat: no-repeat;padding-top:0px;padding-right:0px;padding-bottom:0px;padding-left:0px;margin-bottom: 0px;margin-top: 0px;border-width: 0px 0px 0px 0px;border-color:#e7e4e2;border-style:solid;\" ><div class=\"fusion-builder-row fusion-row\"><div class=\"fusion-layout-column fusion_builder_column fusion-builder-column-0 fusion_builder_column_1_1 1_1 fusion-one-full fusion-column-first fusion-column-last\" style=\"margin-top:10px;margin-bottom:0px;\"><div class=\"fusion-column-wrapper fusion-flex-column-wrapper-legacy\" style=\"background-position:left top;background-repeat:no-repeat;-webkit-background-size:cover;-moz-background-size:cover;-o-background-size:cover;background-size:cover;background-color:#f2e2ce;padding: 0px 0px 0px 0px;\"><div class=\"fusion-column-content-centered\"><div class=\"fusion-column-content\"><style type=\"text\/css\"><\/style><div class=\"fusion-title title fusion-title-1 fusion-sep-none fusion-title-text fusion-title-size-two\" style=\"margin-top:0px;margin-bottom:0px;\"><h2 class=\"title-heading-left\" style=\"margin:0;color:#919c62;\"><span style=\"color: #919c62 !important; margin-left: 1%;\">Dossieres, fotos y v\u00eddeos<\/span><\/h2><\/div><\/div><\/div><div class=\"fusion-clearfix\"><\/div><\/div><\/div><\/div><\/div><div class=\"fusion-fullwidth fullwidth-box fusion-builder-row-2 nonhundred-percent-fullwidth non-hundred-percent-height-scrolling\" style=\"background-color: rgba(255,255,255,0);background-position: center center;background-repeat: no-repeat;padding-top:0px;padding-right:0px;padding-bottom:0px;padding-left:0px;margin-bottom: 0px;margin-top: 0px;border-width: 0px 0px 0px 0px;border-color:#e7e4e2;border-style:solid;\" ><div class=\"fusion-builder-row fusion-row\"><div class=\"fusion-layout-column fusion_builder_column fusion-builder-column-1 fusion_builder_column_1_1 1_1 fusion-one-full fusion-column-first fusion-column-last\" style=\"margin-top:10px;margin-bottom:10px;\"><div class=\"fusion-column-wrapper fusion-flex-column-wrapper-legacy\" style=\"background-position:left top;background-repeat:no-repeat;-webkit-background-size:cover;-moz-background-size:cover;-o-background-size:cover;background-size:cover;padding: 0px 0px 0px 0px;\"><div class=\"fusion-text fusion-text-1\" style=\"transform:translate3d(0,0,0);\"><p>Fotos y v\u00eddeos de los artistas, dossieres y m\u00e1s en nuestra web de descarga:<\/p>\n<ul>\n<li><strong>Material de prensa: <a href=\"https:\/\/drive.google.com\/drive\/folders\/14mJ8XrJWexQixYzGbJjIT_dLucC7GlD6\" target=\"_blank\" rel=\"noopener noreferrer\">Notas, dossier y fotos de artistas de los primeros conciertos confirmados del 45 FGC<\/a><\/strong><\/li>\n<\/ul>\n<ul>\n<li style=\"display: none;\"><strong>Material audiovisual: <a href=\"https:\/\/drive.google.com\/drive\/folders\/1p0_aJW9a-2AtTP0KHGnIQ3Slqvj7jzlr\" target=\"_blank\" rel=\"noopener noreferrer\">Fotos y v\u00eddeos de la 44 edici\u00f3n del Festival de la Guitarra de C\u00f3rdoba<\/a><\/strong><\/li>\n<\/ul>\n<\/div><div class=\"fusion-clearfix\"><\/div><\/div><\/div><\/div><\/div><\/p>\n","protected":false},"excerpt":{"rendered":"","protected":false},"author":4,"featured_media":0,"parent":0,"menu_order":0,"comment_status":"closed","ping_status":"closed","template":"","meta":[],"acf":[],"_links":{"self":[{"href":"https:\/\/teatrocordoba.es\/festival-guitarra-cordoba\/wp-json\/wp\/v2\/pages\/1990"}],"collection":[{"href":"https:\/\/teatrocordoba.es\/festival-guitarra-cordoba\/wp-json\/wp\/v2\/pages"}],"about":[{"href":"https:\/\/teatrocordoba.es\/festival-guitarra-cordoba\/wp-json\/wp\/v2\/types\/page"}],"author":[{"embeddable":true,"href":"https:\/\/teatrocordoba.es\/festival-guitarra-cordoba\/wp-json\/wp\/v2\/users\/4"}],"replies":[{"embeddable":true,"href":"https:\/\/teatrocordoba.es\/festival-guitarra-cordoba\/wp-json\/wp\/v2\/comments?post=1990"}],"version-history":[{"count":63,"href":"https:\/\/teatrocordoba.es\/festival-guitarra-cordoba\/wp-json\/wp\/v2\/pages\/1990\/revisions"}],"predecessor-version":[{"id":8932,"href":"https:\/\/teatrocordoba.es\/festival-guitarra-cordoba\/wp-json\/wp\/v2\/pages\/1990\/revisions\/8932"}],"wp:attachment":[{"href":"https:\/\/teatrocordoba.es\/festival-guitarra-cordoba\/wp-json\/wp\/v2\/media?parent=1990"}],"curies":[{"name":"wp","href":"https:\/\/api.w.org\/{rel}","templated":true}]}}