{"id":2220,"date":"2018-03-21T18:57:10","date_gmt":"2018-03-21T18:57:10","guid":{"rendered":"http:\/\/guitarracordoba.es\/?page_id=2220"},"modified":"2022-06-26T09:59:30","modified_gmt":"2022-06-26T09:59:30","slug":"condiciones-de-venta-y-acceso","status":"publish","type":"page","link":"https:\/\/teatrocordoba.es\/festival-guitarra-cordoba\/condiciones-de-venta-y-acceso\/","title":{"rendered":"Condiciones de venta y acceso"},"content":{"rendered":"<div class=\"fusion-fullwidth fullwidth-box fusion-builder-row-1 nonhundred-percent-fullwidth non-hundred-percent-height-scrolling\" style=\"background-color: rgba(255,255,255,0);background-position: center center;background-repeat: no-repeat;padding-top:0px;padding-right:0px;padding-bottom:0px;padding-left:0px;margin-bottom: 0px;margin-top: 0px;border-width: 0px 0px 0px 0px;border-color:#e7e4e2;border-style:solid;\" ><div class=\"fusion-builder-row fusion-row\"><div class=\"fusion-layout-column fusion_builder_column fusion-builder-column-0 fusion_builder_column_1_1 1_1 fusion-one-full fusion-column-first fusion-column-last\" style=\"margin-top:0px;margin-bottom:0px;\"><div class=\"fusion-column-wrapper fusion-flex-column-wrapper-legacy\" style=\"background-position:left top;background-repeat:no-repeat;-webkit-background-size:cover;-moz-background-size:cover;-o-background-size:cover;background-size:cover;padding: 0px 0px 0px 0px;\"><div class=\"fusion-text fusion-text-1\" style=\"transform:translate3d(0,0,0);\"><ul>\n<li>Venta anticipada de entradas:\n<ul>\n<li>Compra online:\u00a0 <strong>\u00a0<a href=\"https:\/\/entradas.teatrocordoba.es\/\">entradas.teatrocordoba.es<\/a><\/strong><\/li>\n<li>Taquillas del Gran Teatro: <a href=\"https:\/\/teatrocordoba.es\/venta-de-localidades\/informacion-general\/\"><strong>consulte el horario aqu\u00ed.<\/strong><\/a><\/li>\n<li>Venta telef\u00f3nica: <strong>637 043 112.<\/strong><\/li>\n<\/ul>\n<\/li>\n<li>Compruebe su localidad o abono antes de adquirirla. Una vez realizada la compra no se admitir\u00e1n\u00a0<strong>cambios<\/strong>, devoluciones o anulaciones, excepto en caso de cancelaci\u00f3n del evento. No se reeditar\u00e1n las localidades en caso de p\u00e9rdida, deterioro, robo o destrucci\u00f3n.<\/li>\n<li>La\u00a0<strong>suspensi\u00f3n<\/strong>\u00a0antes del inicio de la representaci\u00f3n ser\u00e1 motivo para la devoluci\u00f3n del importe de las localidades. La devoluci\u00f3n se podr\u00e1 efectuar por el Organizador dentro del plazo de quince d\u00edas desde la fecha de la comunicaci\u00f3n p\u00fablica de la cancelaci\u00f3n, por el mismo cauce de adquisici\u00f3n de la localidad.<\/li>\n<li>En caso de suspensi\u00f3n el Organizador podr\u00e1 se\u00f1alar d\u00eda y hora para su nueva celebraci\u00f3n, siendo v\u00e1lida esta misma estrada para la fecha definitiva, si as\u00ed se desea.<\/li>\n<li>El promotor puede\u00a0<strong>modificar el programa<\/strong>, int\u00e9rpretes, fechas u horarios si las circunstancias as\u00ed lo determinan.<\/li>\n<li>Por favor, sigan las instrucciones del personal de Sala.<\/li>\n<li>Se ruega\u00a0<strong>puntualidad<\/strong>. Una vez iniciado el espect\u00e1culo, no est\u00e1 permitido el acceso a la sala hasta que se produzca una pausa y en el caso de salir de la sala no se podr\u00e1 volver a entrar hasta que el personal lo autorice.<\/li>\n<li>Todos los\u00a0<strong>menores<\/strong>\u00a0deber\u00e1n de ir provistos de su respectiva localidad. No est\u00e1 permitido el acceso a menores de cinco a\u00f1os a los espect\u00e1culos no incluidos en \u201cButaca Familiar\u201d.<\/li>\n<li>No est\u00e1 permitido el acceso con\u00a0<strong>comida<\/strong>\u00a0o\u00a0<strong>bebida<\/strong>\u00a0a los recintos, salvo en el Teatro de la Axerqu\u00eda que se permite el acceso con comida sin recipiente y de botellas de agua inferiores a 500 cl sin tap\u00f3n.<\/li>\n<li>Las\u00a0<strong>puertas<\/strong>\u00a0del Gran Teatro y Teatro G\u00f3ngora se abrir\u00e1n con 30 minutos de antelaci\u00f3n a la hora prevista del comienzo del espect\u00e1culo. Para espect\u00e1culos que se celebren en Teatro Axerqu\u00eda se abrir\u00e1 con 1 hora de antelaci\u00f3n a la hora prevista del comienzo del espect\u00e1culo.<\/li>\n<li>El IMAE no garantiza la\u00a0<strong>autenticidad<\/strong>\u00a0de las entradas si no han sido adquiridas a trav\u00e9s de los canales oficiales. Toda entrada enmendada, rota, sospechosa de falsificaci\u00f3n o adquirida il\u00edcitamente autorizar\u00e1 al IMAE a privar el acceso al portador de la misma.<\/li>\n<li>El IMAE se reserva el derecho de\u00a0<strong>admisi\u00f3n<\/strong>, condicionado al hecho de disponer de entrada completa y en buenas condiciones y de que el portador asuma y se obligue a respetar las normas del recinto. Por motivos de seguridad general, se podr\u00e1\u00a0<strong>denegar<\/strong>\u00a0el acceso o expulsar del reciento en caso de incumplimiento de las indicaciones del personal, as\u00ed como en caso de que pueda racionalmente presumirse que se va a crear una situaci\u00f3n de riesgo o peligro para el propio portador u otros asistentes, del alboroto o por estados de intoxicaci\u00f3n aparente o potencial.<\/li>\n<li>Se\u00a0<strong>proh\u00edbe<\/strong>\u00a0filmar o grabar el espect\u00e1culo. Al efecto, se proh\u00edbe la entrada de c\u00e1maras de fotos, v\u200b\u00eddeo y\/o aparatos de grabaci\u00f3n de cualquier tipo, as\u00ed como cualquier objeto que el Organizador considere peligroso para la seguridad del evento (carros de beb\u00e9, maletas, utensilios que puedan considerarse como armas\u2026)<\/li>\n<li>No est\u00e1\u00a0<strong>permitido<\/strong>\u00a0el uso del m\u00f3vil u otros dispositivos electr\u00f3nicos. Apaga el m\u00f3vil, enciende las emociones.<\/li>\n<li>El IMAE cuenta con la obligatoria hoja de reclamaciones, as\u00ed como los promotores-organizadores de cesiones de uso. Cualquier reclamaci\u00f3n deber\u00e1 realizarse al organizador de la actividad, acompa\u00f1ada\u00a0<strong>obligatoriamente<\/strong>\u00a0con la correspondiente la entrada.<\/li>\n<\/ul>\n<\/div><div class=\"fusion-clearfix\"><\/div><\/div><\/div><\/div><\/div>\n","protected":false},"excerpt":{"rendered":"","protected":false},"author":4,"featured_media":0,"parent":0,"menu_order":0,"comment_status":"closed","ping_status":"closed","template":"","meta":[],"acf":[],"_links":{"self":[{"href":"https:\/\/teatrocordoba.es\/festival-guitarra-cordoba\/wp-json\/wp\/v2\/pages\/2220"}],"collection":[{"href":"https:\/\/teatrocordoba.es\/festival-guitarra-cordoba\/wp-json\/wp\/v2\/pages"}],"about":[{"href":"https:\/\/teatrocordoba.es\/festival-guitarra-cordoba\/wp-json\/wp\/v2\/types\/page"}],"author":[{"embeddable":true,"href":"https:\/\/teatrocordoba.es\/festival-guitarra-cordoba\/wp-json\/wp\/v2\/users\/4"}],"replies":[{"embeddable":true,"href":"https:\/\/teatrocordoba.es\/festival-guitarra-cordoba\/wp-json\/wp\/v2\/comments?post=2220"}],"version-history":[{"count":4,"href":"https:\/\/teatrocordoba.es\/festival-guitarra-cordoba\/wp-json\/wp\/v2\/pages\/2220\/revisions"}],"predecessor-version":[{"id":5961,"href":"https:\/\/teatrocordoba.es\/festival-guitarra-cordoba\/wp-json\/wp\/v2\/pages\/2220\/revisions\/5961"}],"wp:attachment":[{"href":"https:\/\/teatrocordoba.es\/festival-guitarra-cordoba\/wp-json\/wp\/v2\/media?parent=2220"}],"curies":[{"name":"wp","href":"https:\/\/api.w.org\/{rel}","templated":true}]}}