{"id":2679,"date":"2018-04-19T10:03:15","date_gmt":"2018-04-19T10:03:15","guid":{"rendered":"http:\/\/guitarracordoba.es\/?page_id=2679"},"modified":"2020-02-11T14:52:54","modified_gmt":"2020-02-11T14:52:54","slug":"festival-2014","status":"publish","type":"page","link":"https:\/\/teatrocordoba.es\/festival-guitarra-cordoba\/festival-2014\/","title":{"rendered":"Festival 2014"},"content":{"rendered":"<p><div class=\"fusion-fullwidth fullwidth-box fusion-builder-row-1 hundred-percent-fullwidth non-hundred-percent-height-scrolling\" style=\"background-color: #3c3c3c;background-position: center center;background-repeat: no-repeat;padding-top:0px;padding-right:0px;padding-bottom:0px;padding-left:0px;margin-bottom: 0px;margin-top: 0px;border-width: 0px 0px 0px 0px;border-color:#e7e4e2;border-style:solid;\" ><div class=\"fusion-builder-row fusion-row\"><div class=\"fusion-layout-column fusion_builder_column fusion-builder-column-0 fusion_builder_column_1_1 1_1 fusion-one-full fusion-column-first fusion-column-last\" style=\"margin-top:10px;margin-bottom:10px;\"><div class=\"fusion-column-wrapper fusion-flex-column-wrapper-legacy\" style=\"background-position:left top;background-repeat:no-repeat;-webkit-background-size:cover;-moz-background-size:cover;-o-background-size:cover;background-size:cover;background-color:#3c3c3c;padding: 0px 0px 0px 0px;\"><style type=\"text\/css\"><\/style><div class=\"fusion-title title fusion-title-1 fusion-sep-none fusion-title-center fusion-title-text fusion-title-size-one\" style=\"margin-top:0px;margin-bottom:0px;\"><h1 class=\"title-heading-center\" style=\"margin:0;\"><span style=\"color: #ffffff; padding: 3%;\">34 EDICI\u00d3N &#8211; 2014<\/span><\/h1><\/div><div class=\"fusion-clearfix\"><\/div><\/div><\/div><\/div><\/div><div class=\"fusion-fullwidth fullwidth-box fusion-builder-row-2 nonhundred-percent-fullwidth non-hundred-percent-height-scrolling\" style=\"background-color: rgba(255,255,255,0);background-position: center center;background-repeat: no-repeat;padding-top:0px;padding-right:0px;padding-bottom:0px;padding-left:0px;margin-bottom: 0px;margin-top: 2%;border-width: 0px 0px 0px 0px;border-color:#e7e4e2;border-style:solid;\" ><div class=\"fusion-builder-row fusion-row\"><div class=\"fusion-layout-column fusion_builder_column fusion-builder-column-1 fusion_builder_column_1_2 1_2 fusion-one-half fusion-column-first\" style=\"width:50%;width:calc(50% - ( ( 4% ) * 0.5 ) );margin-right: 4%;margin-top:10px;margin-bottom:10px;\"><div class=\"fusion-column-wrapper fusion-flex-column-wrapper-legacy\" style=\"background-position:left top;background-repeat:no-repeat;-webkit-background-size:cover;-moz-background-size:cover;-o-background-size:cover;background-size:cover;padding: 0px 0px 0px 0px;\"><div class=\"imageframe-align-center\"><span class=\" fusion-imageframe imageframe-none imageframe-1 hover-type-none\"><img width=\"413\" height=\"603\" title=\"image(22)\" src=\"https:\/\/guitarracordoba.es\/wp-content\/uploads\/2018\/04\/image22-1.jpg\" class=\"img-responsive wp-image-2680\" srcset=\"https:\/\/teatrocordoba.es\/festival-guitarra-cordoba\/wp-content\/uploads\/2018\/04\/image22-1-200x292.jpg 200w, https:\/\/teatrocordoba.es\/festival-guitarra-cordoba\/wp-content\/uploads\/2018\/04\/image22-1-400x584.jpg 400w, https:\/\/teatrocordoba.es\/festival-guitarra-cordoba\/wp-content\/uploads\/2018\/04\/image22-1.jpg 413w\" sizes=\"(max-width: 1000px) 100vw, 413px\" \/><\/span><\/div><div class=\"fusion-sep-clear\"><\/div><div class=\"fusion-separator fusion-full-width-sep\" style=\"margin-left: auto;margin-right: auto;margin-top:3%;width:100%;\"><\/div><div class=\"fusion-sep-clear\"><\/div><style type=\"text\/css\"><\/style><div class=\"fusion-title title fusion-title-2 fusion-sep-none fusion-title-text fusion-title-size-two\" style=\"margin-top:0px;margin-bottom:30px;\"><h2 class=\"title-heading-left\" style=\"margin:0;\"><span style=\"color: #3c3c3c;\">GALER\u00cdA DE CONCIERTOS<\/span><\/h2><\/div><div class=\"fusion-slider-sc fusion-flexslider-loading flexslider flexslider-hover-type-none\" data-slideshow_autoplay=\"1\" data-slideshow_smooth_height=\"0\" data-slideshow_speed=\"7000\" style=\"max-width:100%;height:100%;\"><ul class=\"slides\"><li class=\"image\"><span class=\"fusion-image-hover-element hover-type-none\"><img src=\"https:\/\/guitarracordoba.es\/wp-content\/uploads\/2018\/04\/1437483814-1.jpg\" \/><\/span><\/li><li class=\"image\"><span class=\"fusion-image-hover-element hover-type-none\"><img src=\"https:\/\/guitarracordoba.es\/wp-content\/uploads\/2018\/04\/1437483818.jpg\" \/><\/span><\/li><li class=\"image\"><span class=\"fusion-image-hover-element hover-type-none\"><img src=\"https:\/\/guitarracordoba.es\/wp-content\/uploads\/2018\/04\/1437483818-2.jpg\" \/><\/span><\/li><li class=\"image\"><span class=\"fusion-image-hover-element hover-type-none\"><img src=\"https:\/\/guitarracordoba.es\/wp-content\/uploads\/2018\/04\/1437483818-1.jpg\" \/><\/span><\/li><li class=\"image\"><span class=\"fusion-image-hover-element hover-type-none\"><img src=\"https:\/\/guitarracordoba.es\/wp-content\/uploads\/2018\/04\/1437483817.jpg\" \/><\/span><\/li><li class=\"image\"><span class=\"fusion-image-hover-element hover-type-none\"><img src=\"https:\/\/guitarracordoba.es\/wp-content\/uploads\/2018\/04\/1437483817-5.jpg\" \/><\/span><\/li><li class=\"image\"><span class=\"fusion-image-hover-element hover-type-none\"><img src=\"https:\/\/guitarracordoba.es\/wp-content\/uploads\/2018\/04\/1437483817-4.jpg\" \/><\/span><\/li><li class=\"image\"><span class=\"fusion-image-hover-element hover-type-none\"><img src=\"https:\/\/guitarracordoba.es\/wp-content\/uploads\/2018\/04\/1437483817-3.jpg\" \/><\/span><\/li><li class=\"image\"><span class=\"fusion-image-hover-element hover-type-none\"><img src=\"https:\/\/guitarracordoba.es\/wp-content\/uploads\/2018\/04\/1437483817-2.jpg\" \/><\/span><\/li><li class=\"image\"><span class=\"fusion-image-hover-element hover-type-none\"><img src=\"https:\/\/guitarracordoba.es\/wp-content\/uploads\/2018\/04\/1437483817-1.jpg\" \/><\/span><\/li><li class=\"image\"><span class=\"fusion-image-hover-element hover-type-none\"><img src=\"https:\/\/guitarracordoba.es\/wp-content\/uploads\/2018\/04\/1437483816.jpg\" \/><\/span><\/li><li class=\"image\"><span class=\"fusion-image-hover-element hover-type-none\"><img src=\"https:\/\/guitarracordoba.es\/wp-content\/uploads\/2018\/04\/1437483816-4.jpg\" \/><\/span><\/li><li class=\"image\"><span class=\"fusion-image-hover-element hover-type-none\"><img src=\"https:\/\/guitarracordoba.es\/wp-content\/uploads\/2018\/04\/1437483816-3.jpg\" \/><\/span><\/li><li class=\"image\"><span class=\"fusion-image-hover-element hover-type-none\"><img src=\"https:\/\/guitarracordoba.es\/wp-content\/uploads\/2018\/04\/1437483816-2.jpg\" \/><\/span><\/li><li class=\"image\"><span class=\"fusion-image-hover-element hover-type-none\"><img src=\"https:\/\/guitarracordoba.es\/wp-content\/uploads\/2018\/04\/1437483816-1.jpg\" \/><\/span><\/li><li class=\"image\"><span class=\"fusion-image-hover-element hover-type-none\"><img src=\"https:\/\/guitarracordoba.es\/wp-content\/uploads\/2018\/04\/1437483815.jpg\" \/><\/span><\/li><li class=\"image\"><span class=\"fusion-image-hover-element hover-type-none\"><img src=\"https:\/\/guitarracordoba.es\/wp-content\/uploads\/2018\/04\/1437483815-3.jpg\" \/><\/span><\/li><li class=\"image\"><span class=\"fusion-image-hover-element hover-type-none\"><img src=\"https:\/\/guitarracordoba.es\/wp-content\/uploads\/2018\/04\/1437483815-2.jpg\" \/><\/span><\/li><li class=\"image\"><span class=\"fusion-image-hover-element hover-type-none\"><img src=\"https:\/\/guitarracordoba.es\/wp-content\/uploads\/2018\/04\/1437483815-1.jpg\" \/><\/span><\/li><li class=\"image\"><span class=\"fusion-image-hover-element hover-type-none\"><img src=\"https:\/\/guitarracordoba.es\/wp-content\/uploads\/2018\/04\/1437483814.jpg\" \/><\/span><\/li><\/ul><\/div><div class=\"fusion-align-block\"><style type=\"text\/css\">.fusion-button.button-1 {border-radius:0px;}<\/style><a class=\"fusion-button button-flat fusion-button-default-size button-default button-1 fusion-button-default-span fusion-button-default-type\" target=\"_blank\" rel=\"noopener noreferrer\" href=\"https:\/\/www.youtube.com\/playlist?list=PLKYk5lMB2g4r5rmmSh25rAAuPByDEPfx-\"><span class=\"fusion-button-text\">V\u00eddeos 2014<\/span><\/a><\/div><div class=\"fusion-clearfix\"><\/div><\/div><\/div><div class=\"fusion-layout-column fusion_builder_column fusion-builder-column-2 fusion_builder_column_1_2 1_2 fusion-one-half fusion-column-last\" style=\"width:50%;width:calc(50% - ( ( 4% ) * 0.5 ) );margin-top:10px;margin-bottom:10px;\"><div class=\"fusion-column-wrapper fusion-flex-column-wrapper-legacy\" style=\"background-position:left top;background-repeat:no-repeat;-webkit-background-size:cover;-moz-background-size:cover;-o-background-size:cover;background-size:cover;padding: 0px 0px 0px 0px;\"><div class=\"fusion-text fusion-text-1\" style=\"transform:translate3d(0,0,0);\"><p style=\"text-align: justify;\">El 34 Festival de la Guitarra de C\u00f3rdoba fue\u00a0electrizante. El fin de fiesta, protagonizado por Joe Satriani fue memorable. Un concierto que permanecer\u00e1 en la retina de todos los que tuvieron la suerte de asistir, as\u00ed como el buen hacer de su telonero, el joven Oli Brown, que demostr\u00f3 tener la capacidad suficiente para hacer muy pronto sombra a los m\u00e1s grandes. Pero, el plato fuerte no lo es tanto si no se complementa con un buen entrante. Y C\u00f3rdoba este a\u00f1o tuvo la suerte de degustar el jazz-fusi\u00f3n del maestro Pat Metheny para inaugurar el Festival. Pues bien, con los dos platos servidos, hubo aperitivos de renombre: el bajista Victor Wotten hizo vibrar con su virtuosismo a un Gran Teatro abarrotado y Mike Stern, acompa\u00f1ado por genios del jazz como Bill Evans al saxo o Dennis Chambers a la bater\u00eda hizo el resto. Sin duda, cuatro conciertos inolvidables para encumbrar esta 34 edici\u00f3n. Pero hubo mucho m\u00e1s.<\/p>\n<p style=\"text-align: justify;\">En el formato de grandes conciertos disfrutamos de Ariel Rot y Loquillo, que protagonizaron la noche m\u00e1s rockera del festival. Leiva y Lapido pusieron tambi\u00e9n la nota pop de la presente edici\u00f3n. Y Ximo T\u00e9bar cerr\u00f3 el cap\u00edtulo de jazz con su son mediterr\u00e1neo. En el apartado flamenco, inolvidable la noche en la que Gerardo N\u00fa\u00f1ez, Dani de Mor\u00f3n y Diego del Morao recordaron a Paco de Luc\u00eda o la elegante velada que el maestro Ca\u00f1izares nos hizo pasar junto a su cuarteto homenaje a Falla. Mar\u00eda Pag\u00e9s al baile y el gran Miguel Poveda en La Axerqu\u00eda completaron esta oferta. Asimismo, la guitarra cl\u00e1sica sigue teniendo un respetado protagonismo en C\u00f3rdoba. Eugenio Tobalina junto a la Orquesta de C\u00f3rdoba estren\u00f3 la obra \u201cRosa del Alc\u00e1zar\u201d de Juan de Dios Garc\u00eda Aguilera, mientras que, en ese mismo concierto, el maestro Barrueco se atrevi\u00f3 con los acordes de \u201cMedea\u201d de Manolo Sanl\u00facar. David Russell, Joaqu\u00edn Clerch, Costas Cotsiolis y los australianos The Grigoryan Brothers completaron la oferta cl\u00e1sica de peque\u00f1o formato.<\/p>\n<p style=\"text-align: justify;\">Por \u00faltimo, cabe hacer especial menci\u00f3n al violinista Ara Malikian, que junto a sus compa\u00f1eros Padilla y Rub\u00e9n Rubio, deleitaron al p\u00fablico con su concierto \u201cFrom Bach to Radiohead\u201d, donde con gran cercan\u00eda y virtuosismo interpretaron con aires cl\u00e1sicos composiciones de toda la historia de la m\u00fasica. Y, especialmente, al laudista iraqu\u00ed Naseer Shamma \u2013gracias al apoyo de Casa \u00c1rabe- y al soulman Ra\u00fal Mid\u00f3n, que dej\u00f3 a todo el p\u00fablico boquiabierto con su m\u00fasica y eclecticismo. Adem\u00e1s, como ocurri\u00f3 el pasado a\u00f1o, en esta edici\u00f3n tambi\u00e9n ha habido m\u00fasica en la calle: la banda gallega Brath toc\u00f3 tres d\u00edas en diferentes enclaves de la ciudad. En cuanto a la oferta formativa, el 34 Festival de la Guitarra cont\u00f3 de nuevo con maestros como Manolo Sanl\u00facar, Jos\u00e9 Antonio Rodr\u00edguez y Juan Manuel Ca\u00f1izares en la faceta flamenca; Javier Latorre, Inmaculada Aguilar y Eva Yerbabuena al baile y repiti\u00f3 Esperanza Fern\u00e1ndez al cante tras su buena acogida en la pasada edici\u00f3n.<\/p>\n<p style=\"text-align: justify;\">En el apartado cl\u00e1sico destac\u00f3 la vuelta a casa de Leo Brouwer, que fue homenajeado en esta edici\u00f3n, as\u00ed como los cursos de Manuel Barrueco, David Russell, Costas Cotsiolis y Joaqu\u00edn Clerch. Por \u00faltimo, hubo cuatro maesterclass que protagonizaron Gerardo N\u00fa\u00f1ez, Ariel Rot, Ximo T\u00e9bar y Mike Stern. En definitiva, en esta edici\u00f3n la guitarra fue la gran protagonista gracias a que la providencia puso de su parte para poder contar con grandes virtuosos de las seis cuerdas.<\/p>\n<\/div><div class=\"fusion-clearfix\"><\/div><\/div><\/div><\/div><\/div><\/p>\n","protected":false},"excerpt":{"rendered":"","protected":false},"author":4,"featured_media":0,"parent":0,"menu_order":0,"comment_status":"closed","ping_status":"closed","template":"100-width.php","meta":[],"acf":[],"_links":{"self":[{"href":"https:\/\/teatrocordoba.es\/festival-guitarra-cordoba\/wp-json\/wp\/v2\/pages\/2679"}],"collection":[{"href":"https:\/\/teatrocordoba.es\/festival-guitarra-cordoba\/wp-json\/wp\/v2\/pages"}],"about":[{"href":"https:\/\/teatrocordoba.es\/festival-guitarra-cordoba\/wp-json\/wp\/v2\/types\/page"}],"author":[{"embeddable":true,"href":"https:\/\/teatrocordoba.es\/festival-guitarra-cordoba\/wp-json\/wp\/v2\/users\/4"}],"replies":[{"embeddable":true,"href":"https:\/\/teatrocordoba.es\/festival-guitarra-cordoba\/wp-json\/wp\/v2\/comments?post=2679"}],"version-history":[{"count":10,"href":"https:\/\/teatrocordoba.es\/festival-guitarra-cordoba\/wp-json\/wp\/v2\/pages\/2679\/revisions"}],"predecessor-version":[{"id":4286,"href":"https:\/\/teatrocordoba.es\/festival-guitarra-cordoba\/wp-json\/wp\/v2\/pages\/2679\/revisions\/4286"}],"wp:attachment":[{"href":"https:\/\/teatrocordoba.es\/festival-guitarra-cordoba\/wp-json\/wp\/v2\/media?parent=2679"}],"curies":[{"name":"wp","href":"https:\/\/api.w.org\/{rel}","templated":true}]}}