{"id":2707,"date":"2018-04-19T10:29:59","date_gmt":"2018-04-19T10:29:59","guid":{"rendered":"http:\/\/guitarracordoba.es\/?page_id=2707"},"modified":"2020-02-11T14:51:27","modified_gmt":"2020-02-11T14:51:27","slug":"festival-2013","status":"publish","type":"page","link":"https:\/\/teatrocordoba.es\/festival-guitarra-cordoba\/festival-2013\/","title":{"rendered":"Festival 2013"},"content":{"rendered":"<p><div class=\"fusion-fullwidth fullwidth-box fusion-builder-row-1 hundred-percent-fullwidth non-hundred-percent-height-scrolling\" style=\"background-color: #3c3c3c;background-position: center center;background-repeat: no-repeat;padding-top:0px;padding-right:0px;padding-bottom:0px;padding-left:0px;margin-bottom: 0px;margin-top: 0px;border-width: 0px 0px 0px 0px;border-color:#e7e4e2;border-style:solid;\" ><div class=\"fusion-builder-row fusion-row\"><div class=\"fusion-layout-column fusion_builder_column fusion-builder-column-0 fusion_builder_column_1_1 1_1 fusion-one-full fusion-column-first fusion-column-last\" style=\"margin-top:10px;margin-bottom:10px;\"><div class=\"fusion-column-wrapper fusion-flex-column-wrapper-legacy\" style=\"background-position:left top;background-repeat:no-repeat;-webkit-background-size:cover;-moz-background-size:cover;-o-background-size:cover;background-size:cover;background-color:#3c3c3c;padding: 0px 0px 0px 0px;\"><style type=\"text\/css\"><\/style><div class=\"fusion-title title fusion-title-1 fusion-sep-none fusion-title-center fusion-title-text fusion-title-size-one\" style=\"margin-top:0px;margin-bottom:0px;\"><h1 class=\"title-heading-center\" style=\"margin:0;\"><span style=\"color: #ffffff; padding: 3%;\">33 EDICI\u00d3N &#8211; 2013<\/span><\/h1><\/div><div class=\"fusion-clearfix\"><\/div><\/div><\/div><\/div><\/div><div class=\"fusion-fullwidth fullwidth-box fusion-builder-row-2 nonhundred-percent-fullwidth non-hundred-percent-height-scrolling\" style=\"background-color: rgba(255,255,255,0);background-position: center center;background-repeat: no-repeat;padding-top:0px;padding-right:0px;padding-bottom:0px;padding-left:0px;margin-bottom: 0px;margin-top: 2%;border-width: 0px 0px 0px 0px;border-color:#e7e4e2;border-style:solid;\" ><div class=\"fusion-builder-row fusion-row\"><div class=\"fusion-layout-column fusion_builder_column fusion-builder-column-1 fusion_builder_column_1_2 1_2 fusion-one-half fusion-column-first\" style=\"width:50%;width:calc(50% - ( ( 4% ) * 0.5 ) );margin-right: 4%;margin-top:10px;margin-bottom:10px;\"><div class=\"fusion-column-wrapper fusion-flex-column-wrapper-legacy\" style=\"background-position:left top;background-repeat:no-repeat;-webkit-background-size:cover;-moz-background-size:cover;-o-background-size:cover;background-size:cover;padding: 0px 0px 0px 0px;\"><div class=\"imageframe-align-center\"><span class=\" fusion-imageframe imageframe-none imageframe-1 hover-type-none\"><img width=\"397\" height=\"567\" title=\"image(26)\" src=\"https:\/\/guitarracordoba.es\/wp-content\/uploads\/2018\/04\/image26-1.jpg\" class=\"img-responsive wp-image-2708\" srcset=\"https:\/\/teatrocordoba.es\/festival-guitarra-cordoba\/wp-content\/uploads\/2018\/04\/image26-1-200x286.jpg 200w, https:\/\/teatrocordoba.es\/festival-guitarra-cordoba\/wp-content\/uploads\/2018\/04\/image26-1.jpg 397w\" sizes=\"(max-width: 1000px) 100vw, 397px\" \/><\/span><\/div><div class=\"fusion-sep-clear\"><\/div><div class=\"fusion-separator fusion-full-width-sep\" style=\"margin-left: auto;margin-right: auto;margin-top:3%;width:100%;\"><\/div><div class=\"fusion-sep-clear\"><\/div><style type=\"text\/css\"><\/style><div class=\"fusion-title title fusion-title-2 fusion-sep-none fusion-title-text fusion-title-size-two\" style=\"margin-top:0px;margin-bottom:30px;\"><h2 class=\"title-heading-left\" style=\"margin:0;\"><span style=\"color: #3c3c3c;\">GALER\u00cdA DE CONCIERTOS<\/span><\/h2><\/div><div class=\"fusion-slider-sc fusion-flexslider-loading flexslider flexslider-hover-type-none\" data-slideshow_autoplay=\"1\" data-slideshow_smooth_height=\"0\" data-slideshow_speed=\"7000\" style=\"max-width:100%;height:100%;\"><ul class=\"slides\"><li class=\"image\"><span class=\"fusion-image-hover-element hover-type-none\"><img src=\"https:\/\/guitarracordoba.es\/wp-content\/uploads\/2018\/04\/1415017382.jpg\" \/><\/span><\/li><li class=\"image\"><span class=\"fusion-image-hover-element hover-type-none\"><img src=\"https:\/\/guitarracordoba.es\/wp-content\/uploads\/2018\/04\/1412849334-1.jpg\" \/><\/span><\/li><li class=\"image\"><span class=\"fusion-image-hover-element hover-type-none\"><img src=\"https:\/\/guitarracordoba.es\/wp-content\/uploads\/2018\/04\/1412849334-2.jpg\" \/><\/span><\/li><li class=\"image\"><span class=\"fusion-image-hover-element hover-type-none\"><img src=\"https:\/\/guitarracordoba.es\/wp-content\/uploads\/2018\/04\/1412849334-3.jpg\" \/><\/span><\/li><li class=\"image\"><span class=\"fusion-image-hover-element hover-type-none\"><img src=\"https:\/\/guitarracordoba.es\/wp-content\/uploads\/2018\/04\/1412849334-4.jpg\" \/><\/span><\/li><li class=\"image\"><span class=\"fusion-image-hover-element hover-type-none\"><img src=\"https:\/\/guitarracordoba.es\/wp-content\/uploads\/2018\/04\/1412849334-5.jpg\" \/><\/span><\/li><li class=\"image\"><span class=\"fusion-image-hover-element hover-type-none\"><img src=\"https:\/\/guitarracordoba.es\/wp-content\/uploads\/2018\/04\/1412849334.jpg\" \/><\/span><\/li><li class=\"image\"><span class=\"fusion-image-hover-element hover-type-none\"><img src=\"https:\/\/guitarracordoba.es\/wp-content\/uploads\/2018\/04\/1415017382-1.jpg\" \/><\/span><\/li><li class=\"image\"><span class=\"fusion-image-hover-element hover-type-none\"><img src=\"https:\/\/guitarracordoba.es\/wp-content\/uploads\/2018\/04\/1415017382-2.jpg\" \/><\/span><\/li><li class=\"image\"><span class=\"fusion-image-hover-element hover-type-none\"><img src=\"https:\/\/guitarracordoba.es\/wp-content\/uploads\/2018\/04\/1415017382-3.jpg\" \/><\/span><\/li><li class=\"image\"><span class=\"fusion-image-hover-element hover-type-none\"><img src=\"https:\/\/guitarracordoba.es\/wp-content\/uploads\/2018\/04\/1415017382-4.jpg\" \/><\/span><\/li><li class=\"image\"><span class=\"fusion-image-hover-element hover-type-none\"><img src=\"https:\/\/guitarracordoba.es\/wp-content\/uploads\/2018\/04\/1415017382-5.jpg\" \/><\/span><\/li><li class=\"image\"><span class=\"fusion-image-hover-element hover-type-none\"><img src=\"https:\/\/guitarracordoba.es\/wp-content\/uploads\/2018\/04\/1415017382-6.jpg\" \/><\/span><\/li><li class=\"image\"><span class=\"fusion-image-hover-element hover-type-none\"><img src=\"https:\/\/guitarracordoba.es\/wp-content\/uploads\/2018\/04\/1415017382-7.jpg\" \/><\/span><\/li><li class=\"image\"><span class=\"fusion-image-hover-element hover-type-none\"><img src=\"https:\/\/guitarracordoba.es\/wp-content\/uploads\/2018\/04\/1415017382-8.jpg\" \/><\/span><\/li><li class=\"image\"><span class=\"fusion-image-hover-element hover-type-none\"><img src=\"https:\/\/guitarracordoba.es\/wp-content\/uploads\/2018\/04\/1415017382-9.jpg\" \/><\/span><\/li><li class=\"image\"><span class=\"fusion-image-hover-element hover-type-none\"><img src=\"https:\/\/guitarracordoba.es\/wp-content\/uploads\/2018\/04\/1415017382-10.jpg\" \/><\/span><\/li><li class=\"image\"><span class=\"fusion-image-hover-element hover-type-none\"><img src=\"https:\/\/guitarracordoba.es\/wp-content\/uploads\/2018\/04\/1415017382-11.jpg\" \/><\/span><\/li><li class=\"image\"><span class=\"fusion-image-hover-element hover-type-none\"><img src=\"https:\/\/guitarracordoba.es\/wp-content\/uploads\/2018\/04\/1415017382-12.jpg\" \/><\/span><\/li><li class=\"image\"><span class=\"fusion-image-hover-element hover-type-none\"><img src=\"https:\/\/guitarracordoba.es\/wp-content\/uploads\/2018\/04\/1415017382-13.jpg\" \/><\/span><\/li><li class=\"image\"><span class=\"fusion-image-hover-element hover-type-none\"><img src=\"https:\/\/guitarracordoba.es\/wp-content\/uploads\/2018\/04\/1415017382-14.jpg\" \/><\/span><\/li><li class=\"image\"><span class=\"fusion-image-hover-element hover-type-none\"><img src=\"https:\/\/guitarracordoba.es\/wp-content\/uploads\/2018\/04\/1415017382-15.jpg\" \/><\/span><\/li><li class=\"image\"><span class=\"fusion-image-hover-element hover-type-none\"><img src=\"https:\/\/guitarracordoba.es\/wp-content\/uploads\/2018\/04\/1415017382-16.jpg\" \/><\/span><\/li><li class=\"image\"><span class=\"fusion-image-hover-element hover-type-none\"><img src=\"https:\/\/guitarracordoba.es\/wp-content\/uploads\/2018\/04\/1415017382-17.jpg\" \/><\/span><\/li><\/ul><\/div><div class=\"fusion-sep-clear\"><\/div><div class=\"fusion-separator fusion-full-width-sep\" style=\"margin-left: auto;margin-right: auto;margin-top:3%;width:100%;\"><\/div><div class=\"fusion-sep-clear\"><\/div><div class=\"fusion-align-block\"><style type=\"text\/css\">.fusion-button.button-1 {border-radius:0px;}<\/style><a class=\"fusion-button button-flat fusion-button-default-size button-default button-1 fusion-button-default-span fusion-button-default-type\" target=\"_blank\" rel=\"noopener noreferrer\" href=\"https:\/\/www.youtube.com\/playlist?list=PLKYk5lMB2g4pe0vm10ERYTcJIHOx2L2nw\"><span class=\"fusion-button-text\">V\u00eddeos 2013<\/span><\/a><\/div><div class=\"fusion-clearfix\"><\/div><\/div><\/div><div class=\"fusion-layout-column fusion_builder_column fusion-builder-column-2 fusion_builder_column_1_2 1_2 fusion-one-half fusion-column-last\" style=\"width:50%;width:calc(50% - ( ( 4% ) * 0.5 ) );margin-top:10px;margin-bottom:10px;\"><div class=\"fusion-column-wrapper fusion-flex-column-wrapper-legacy\" style=\"background-position:left top;background-repeat:no-repeat;-webkit-background-size:cover;-moz-background-size:cover;-o-background-size:cover;background-size:cover;padding: 0px 0px 0px 0px;\"><div class=\"fusion-text fusion-text-1\" style=\"transform:translate3d(0,0,0);\"><p style=\"text-align: justify;\">Al Di Meola, Michael Schenker, Fito y Fitipaldis, Tomatito Sexteto o Robert Cray fueron algunos de los grandes alicientes de un 33 Festival de la Guitarra de C\u00f3rdoba que super\u00f3 con creces los datos de la edici\u00f3n anterior, con un 15% m\u00e1s de espectadores, a pesar de haber contado con tres conciertos menos. En total, hasta 25.000 personas asistieron a los 25 conciertos programados en esta edici\u00f3n. Pero no fue el \u00fanico atractivo del Festival, pues en esta ocasi\u00f3n se apost\u00f3 por la m\u00fasica gratuita (con dos conciertos en la Plaza del Potro) y por el ciclo <em>El Festival en las plazas<\/em>, que llev\u00f3 la m\u00fasica a varios rincones de C\u00f3rdoba. Emocionante fue ver a artistas locales como Javier Riba, Paco Pe\u00f1a, a la propia Orquesta de la ciudad o a los grupos rockeros que abrieron el Festival en La Axerqu\u00eda con <em>La noche desde Cordoba<\/em>. Todo ello sin olvidarnos de la magia de Al Di Meola o de la impresionante interpretaci\u00f3n de Sinfonity, que llen\u00f3 el Gran Teatro con la m\u00fasica de Bach o Vivaldi como nunca antes la hab\u00edamos escuchado. Y qu\u00e9 decir del gran concierto de Arc\u00e1ngel, acompa\u00f1ado por una viola de gamba como si de guitarra flamenca se tratara o de la maestr\u00eda que dej\u00f3 sobre las tablas el jazz-blues de James Carter con Joe Louis Walker o The Brecker Brothers. Pero, ante todo, en la pasada edici\u00f3n hay que destacar los peque\u00f1os conciertos: el Teatro G\u00f3ngora se qued\u00f3 peque\u00f1o para acoger el ciclo de fado y guitarra y, c\u00f3mo no, para disfrutar del gran elenco de guitarristas cl\u00e1sicos donde destac\u00f3 con luz propia la joven y virtuosa Ana Vidovic, que colg\u00f3 el cartel de no hay butacas horas antes de su concierto. Por \u00faltimo, destaca un fin de fiesta para recordar, con Robert Cray, Michael Schenker Group y Fito y Fitipaldis. Tres d\u00edas de blues, metal y rock que encumbraron esta 33 edici\u00f3n.<\/p>\n<p style=\"text-align: justify;\">En cuanto al\u00a0<strong>programa formativ<\/strong>o, cabe destacar que, aun habiendo un curso menos que en la edici\u00f3n de 2012 (16) se consigui\u00f3 mantener el n\u00famero de alumnos, que, una vez m\u00e1s, ha superado los 250. Poder contar con maestros como Gilardino, Gall\u00e9n, Vidovic, Russell, Steidl o Barrueco siempre es sin\u00f3nimo de \u00e9xito. Algo similar ocurre con la guitarra flamenca, donde Manolo Sanl\u00facar volvi\u00f3 a ser el profesor estrella, seguido muy de cerca por Juan Manuel Ca\u00f1izares y Jos\u00e9 Antonio Rodr\u00edguez, que con su pedagog\u00eda empiezan a ser altamente demandados por los alumnos flamencos de todo el mundo. El baile, una vez m\u00e1s, tuvo gran repercusi\u00f3n con El Pipa, Inmaculada Aguilar y Javier Latorre como profesores. Y, como era de esperar, la masterclass de Tomatito fue todo un \u00e9xito de p\u00fablico. En definitiva, una magn\u00edfica edici\u00f3n que se cerr\u00f3 con un buen sabor de boca, tanto del p\u00fablico como de la organizaci\u00f3n.<\/p>\n<\/div><div class=\"fusion-clearfix\"><\/div><\/div><\/div><\/div><\/div><\/p>\n","protected":false},"excerpt":{"rendered":"","protected":false},"author":4,"featured_media":0,"parent":0,"menu_order":0,"comment_status":"closed","ping_status":"closed","template":"100-width.php","meta":[],"acf":[],"_links":{"self":[{"href":"https:\/\/teatrocordoba.es\/festival-guitarra-cordoba\/wp-json\/wp\/v2\/pages\/2707"}],"collection":[{"href":"https:\/\/teatrocordoba.es\/festival-guitarra-cordoba\/wp-json\/wp\/v2\/pages"}],"about":[{"href":"https:\/\/teatrocordoba.es\/festival-guitarra-cordoba\/wp-json\/wp\/v2\/types\/page"}],"author":[{"embeddable":true,"href":"https:\/\/teatrocordoba.es\/festival-guitarra-cordoba\/wp-json\/wp\/v2\/users\/4"}],"replies":[{"embeddable":true,"href":"https:\/\/teatrocordoba.es\/festival-guitarra-cordoba\/wp-json\/wp\/v2\/comments?post=2707"}],"version-history":[{"count":9,"href":"https:\/\/teatrocordoba.es\/festival-guitarra-cordoba\/wp-json\/wp\/v2\/pages\/2707\/revisions"}],"predecessor-version":[{"id":4285,"href":"https:\/\/teatrocordoba.es\/festival-guitarra-cordoba\/wp-json\/wp\/v2\/pages\/2707\/revisions\/4285"}],"wp:attachment":[{"href":"https:\/\/teatrocordoba.es\/festival-guitarra-cordoba\/wp-json\/wp\/v2\/media?parent=2707"}],"curies":[{"name":"wp","href":"https:\/\/api.w.org\/{rel}","templated":true}]}}