{"id":2735,"date":"2018-04-19T11:28:26","date_gmt":"2018-04-19T11:28:26","guid":{"rendered":"http:\/\/guitarracordoba.es\/?page_id=2735"},"modified":"2020-02-11T13:14:49","modified_gmt":"2020-02-11T13:14:49","slug":"festival-2012","status":"publish","type":"page","link":"https:\/\/teatrocordoba.es\/festival-guitarra-cordoba\/festival-2012\/","title":{"rendered":"Festival 2012"},"content":{"rendered":"<p><div class=\"fusion-fullwidth fullwidth-box fusion-builder-row-1 hundred-percent-fullwidth non-hundred-percent-height-scrolling\" style=\"background-color: #3c3c3c;background-position: center center;background-repeat: no-repeat;padding-top:0px;padding-right:0px;padding-bottom:0px;padding-left:0px;margin-bottom: 0px;margin-top: 0px;border-width: 0px 0px 0px 0px;border-color:#e7e4e2;border-style:solid;\" ><div class=\"fusion-builder-row fusion-row\"><div class=\"fusion-layout-column fusion_builder_column fusion-builder-column-0 fusion_builder_column_1_1 1_1 fusion-one-full fusion-column-first fusion-column-last\" style=\"margin-top:10px;margin-bottom:10px;\"><div class=\"fusion-column-wrapper fusion-flex-column-wrapper-legacy\" style=\"background-position:left top;background-repeat:no-repeat;-webkit-background-size:cover;-moz-background-size:cover;-o-background-size:cover;background-size:cover;background-color:#3c3c3c;padding: 0px 0px 0px 0px;\"><style type=\"text\/css\"><\/style><div class=\"fusion-title title fusion-title-1 fusion-sep-none fusion-title-center fusion-title-text fusion-title-size-one\" style=\"margin-top:0px;margin-bottom:0px;\"><h1 class=\"title-heading-center\" style=\"margin:0;\"><span style=\"color: #ffffff; padding: 3%;\">32 EDICI\u00d3N &#8211; 2012<\/span><\/h1><\/div><div class=\"fusion-clearfix\"><\/div><\/div><\/div><\/div><\/div><div class=\"fusion-fullwidth fullwidth-box fusion-builder-row-2 nonhundred-percent-fullwidth non-hundred-percent-height-scrolling\" style=\"background-color: rgba(255,255,255,0);background-position: center center;background-repeat: no-repeat;padding-top:0px;padding-right:0px;padding-bottom:0px;padding-left:0px;margin-bottom: 0px;margin-top: 2%;border-width: 0px 0px 0px 0px;border-color:#e7e4e2;border-style:solid;\" ><div class=\"fusion-builder-row fusion-row\"><div class=\"fusion-layout-column fusion_builder_column fusion-builder-column-1 fusion_builder_column_1_2 1_2 fusion-one-half fusion-column-first\" style=\"width:50%;width:calc(50% - ( ( 4% ) * 0.5 ) );margin-right: 4%;margin-top:10px;margin-bottom:10px;\"><div class=\"fusion-column-wrapper fusion-flex-column-wrapper-legacy\" style=\"background-position:left top;background-repeat:no-repeat;-webkit-background-size:cover;-moz-background-size:cover;-o-background-size:cover;background-size:cover;padding: 0px 0px 0px 0px;\"><div class=\"imageframe-align-center\"><span class=\" fusion-imageframe imageframe-none imageframe-1 hover-type-none\"><img width=\"397\" height=\"567\" title=\"cartel2012\" src=\"https:\/\/guitarracordoba.es\/wp-content\/uploads\/2018\/04\/cartel2012.jpg\" class=\"img-responsive wp-image-2770\" srcset=\"https:\/\/teatrocordoba.es\/festival-guitarra-cordoba\/wp-content\/uploads\/2018\/04\/cartel2012-200x286.jpg 200w, https:\/\/teatrocordoba.es\/festival-guitarra-cordoba\/wp-content\/uploads\/2018\/04\/cartel2012.jpg 397w\" sizes=\"(max-width: 1000px) 100vw, 397px\" \/><\/span><\/div><div class=\"fusion-sep-clear\"><\/div><div class=\"fusion-separator fusion-full-width-sep\" style=\"margin-left: auto;margin-right: auto;margin-top:3%;width:100%;\"><\/div><div class=\"fusion-sep-clear\"><\/div><style type=\"text\/css\"><\/style><div class=\"fusion-title title fusion-title-2 fusion-sep-none fusion-title-text fusion-title-size-two\" style=\"margin-top:0px;margin-bottom:30px;\"><h2 class=\"title-heading-left\" style=\"margin:0;\"><span style=\"color: #3c3c3c;\">GALER\u00cdA DE CONCIERTOS<\/span><\/h2><\/div><div class=\"fusion-slider-sc fusion-flexslider-loading flexslider flexslider-hover-type-none\" data-slideshow_autoplay=\"1\" data-slideshow_smooth_height=\"0\" data-slideshow_speed=\"7000\" style=\"max-width:100%;height:100%;\"><ul class=\"slides\"><li class=\"image\"><span class=\"fusion-image-hover-element hover-type-none\"><img src=\"https:\/\/guitarracordoba.es\/wp-content\/uploads\/2018\/04\/1412850081-19.jpg\" \/><\/span><\/li><li class=\"image\"><span class=\"fusion-image-hover-element hover-type-none\"><img src=\"https:\/\/guitarracordoba.es\/wp-content\/uploads\/2018\/04\/1412850081-13.jpg\" \/><\/span><\/li><li class=\"image\"><span class=\"fusion-image-hover-element hover-type-none\"><img src=\"https:\/\/guitarracordoba.es\/wp-content\/uploads\/2018\/04\/1412850081-1.jpg\" \/><\/span><\/li><li class=\"image\"><span class=\"fusion-image-hover-element hover-type-none\"><img src=\"https:\/\/guitarracordoba.es\/wp-content\/uploads\/2018\/04\/1412850081-18.jpg\" \/><\/span><\/li><li class=\"image\"><span class=\"fusion-image-hover-element hover-type-none\"><img src=\"https:\/\/guitarracordoba.es\/wp-content\/uploads\/2018\/04\/1412850081-17.jpg\" \/><\/span><\/li><li class=\"image\"><span class=\"fusion-image-hover-element hover-type-none\"><img src=\"https:\/\/guitarracordoba.es\/wp-content\/uploads\/2018\/04\/1412850081-16.jpg\" \/><\/span><\/li><li class=\"image\"><span class=\"fusion-image-hover-element hover-type-none\"><img src=\"https:\/\/guitarracordoba.es\/wp-content\/uploads\/2018\/04\/1412850081.jpg\" \/><\/span><\/li><li class=\"image\"><span class=\"fusion-image-hover-element hover-type-none\"><img src=\"https:\/\/guitarracordoba.es\/wp-content\/uploads\/2018\/04\/1412850081-27.jpg\" \/><\/span><\/li><li class=\"image\"><span class=\"fusion-image-hover-element hover-type-none\"><img src=\"https:\/\/guitarracordoba.es\/wp-content\/uploads\/2018\/04\/1412850081-26.jpg\" \/><\/span><\/li><li class=\"image\"><span class=\"fusion-image-hover-element hover-type-none\"><img src=\"https:\/\/guitarracordoba.es\/wp-content\/uploads\/2018\/04\/1412850081-25.jpg\" \/><\/span><\/li><li class=\"image\"><span class=\"fusion-image-hover-element hover-type-none\"><img src=\"https:\/\/guitarracordoba.es\/wp-content\/uploads\/2018\/04\/1412850081-24.jpg\" \/><\/span><\/li><li class=\"image\"><span class=\"fusion-image-hover-element hover-type-none\"><img src=\"https:\/\/guitarracordoba.es\/wp-content\/uploads\/2018\/04\/1412850081-23.jpg\" \/><\/span><\/li><li class=\"image\"><span class=\"fusion-image-hover-element hover-type-none\"><img src=\"https:\/\/guitarracordoba.es\/wp-content\/uploads\/2018\/04\/1412850081-22.jpg\" \/><\/span><\/li><li class=\"image\"><span class=\"fusion-image-hover-element hover-type-none\"><img src=\"https:\/\/guitarracordoba.es\/wp-content\/uploads\/2018\/04\/1412850081-21.jpg\" \/><\/span><\/li><li class=\"image\"><span class=\"fusion-image-hover-element hover-type-none\"><img src=\"https:\/\/guitarracordoba.es\/wp-content\/uploads\/2018\/04\/1412850081-20.jpg\" \/><\/span><\/li><li class=\"image\"><span class=\"fusion-image-hover-element hover-type-none\"><img src=\"https:\/\/guitarracordoba.es\/wp-content\/uploads\/2018\/04\/1412850081-15.jpg\" \/><\/span><\/li><li class=\"image\"><span class=\"fusion-image-hover-element hover-type-none\"><img src=\"https:\/\/guitarracordoba.es\/wp-content\/uploads\/2018\/04\/1412850081-14.jpg\" \/><\/span><\/li><li class=\"image\"><span class=\"fusion-image-hover-element hover-type-none\"><img src=\"https:\/\/guitarracordoba.es\/wp-content\/uploads\/2018\/04\/1412850081-12.jpg\" \/><\/span><\/li><li class=\"image\"><span class=\"fusion-image-hover-element hover-type-none\"><img src=\"https:\/\/guitarracordoba.es\/wp-content\/uploads\/2018\/04\/1412850081-11.jpg\" \/><\/span><\/li><li class=\"image\"><span class=\"fusion-image-hover-element hover-type-none\"><img src=\"https:\/\/guitarracordoba.es\/wp-content\/uploads\/2018\/04\/1412850081-10.jpg\" \/><\/span><\/li><li class=\"image\"><span class=\"fusion-image-hover-element hover-type-none\"><img src=\"https:\/\/guitarracordoba.es\/wp-content\/uploads\/2018\/04\/1412850081-9.jpg\" \/><\/span><\/li><li class=\"image\"><span class=\"fusion-image-hover-element hover-type-none\"><img src=\"https:\/\/guitarracordoba.es\/wp-content\/uploads\/2018\/04\/1412850081-8.jpg\" \/><\/span><\/li><li class=\"image\"><span class=\"fusion-image-hover-element hover-type-none\"><img src=\"https:\/\/guitarracordoba.es\/wp-content\/uploads\/2018\/04\/1412850081-7.jpg\" \/><\/span><\/li><li class=\"image\"><span class=\"fusion-image-hover-element hover-type-none\"><img src=\"https:\/\/guitarracordoba.es\/wp-content\/uploads\/2018\/04\/1412850081-6.jpg\" \/><\/span><\/li><li class=\"image\"><span class=\"fusion-image-hover-element hover-type-none\"><img src=\"https:\/\/guitarracordoba.es\/wp-content\/uploads\/2018\/04\/1412850081-5.jpg\" \/><\/span><\/li><li class=\"image\"><span class=\"fusion-image-hover-element hover-type-none\"><img src=\"https:\/\/guitarracordoba.es\/wp-content\/uploads\/2018\/04\/1412850081-4.jpg\" \/><\/span><\/li><li class=\"image\"><span class=\"fusion-image-hover-element hover-type-none\"><img src=\"https:\/\/guitarracordoba.es\/wp-content\/uploads\/2018\/04\/1412850081-3.jpg\" \/><\/span><\/li><li class=\"image\"><span class=\"fusion-image-hover-element hover-type-none\"><img src=\"https:\/\/guitarracordoba.es\/wp-content\/uploads\/2018\/04\/1412850081-2.jpg\" \/><\/span><\/li><\/ul><\/div><div class=\"fusion-sep-clear\"><\/div><div class=\"fusion-separator fusion-full-width-sep\" style=\"margin-left: auto;margin-right: auto;margin-top:3%;width:100%;\"><\/div><div class=\"fusion-sep-clear\"><\/div><div class=\"fusion-align-block\"><style type=\"text\/css\">.fusion-button.button-1 {border-radius:0px;}<\/style><a class=\"fusion-button button-flat fusion-button-default-size button-default button-1 fusion-button-default-span fusion-button-default-type\" target=\"_blank\" rel=\"noopener noreferrer\" href=\"https:\/\/www.youtube.com\/watch?v=c30hOQQCrCc&amp;list=PLDBDC889CD0871B5D\"><span class=\"fusion-button-text\">V\u00eddeos 2012<\/span><\/a><\/div><div class=\"fusion-clearfix\"><\/div><\/div><\/div><div class=\"fusion-layout-column fusion_builder_column fusion-builder-column-2 fusion_builder_column_1_2 1_2 fusion-one-half fusion-column-last\" style=\"width:50%;width:calc(50% - ( ( 4% ) * 0.5 ) );margin-top:10px;margin-bottom:10px;\"><div class=\"fusion-column-wrapper fusion-flex-column-wrapper-legacy\" style=\"background-position:left top;background-repeat:no-repeat;-webkit-background-size:cover;-moz-background-size:cover;-o-background-size:cover;background-size:cover;padding: 0px 0px 0px 0px;\"><div class=\"fusion-text fusion-text-1\" style=\"transform:translate3d(0,0,0);\"><p style=\"text-align: justify;\">El 32 Festival de la Guitarra de C\u00f3rdoba cont\u00f3 con 28 conciertos; 18 cursos, y ocho actividades complementarias. Se presentaron discos y libros y la magn\u00edfica muestra de cord\u00f3fonos de Luis Delgado. Las jornadas de estudio, dedicadas en esta ocasi\u00f3n al maestro Sabicas, contaron con m\u00e1s p\u00fablico que nunca.<\/p>\n<p style=\"text-align: justify;\">Los m\u00e1s de 300 alumnos que en 2012 pasaron por el Palacio de Congresos contaron con genios de primera fila en muy distintas disciplinas, recibiendo clase de maestros flamencos como Manolo Sanl\u00facar, Jos\u00e9 Antonio Rodr\u00edguez o Miguel \u00c1ngel Cortes o de expertos de la guitarra cl\u00e1sica como Ricardo Gall\u00e9n, Sergio y Odair Assad o el maestro Barrueco. Pero, adem\u00e1s, tuvieron a profesores de el\u00e9ctrica como Ariel Rot y recibieron clases magistrales de estrellas como Robben Ford, Jimmy Haslip o Charlie Hunter. Y no solo de guitarra vive el Festival, pues, al igual que en pasadas ediciones, el baile y el cante flamenco estuvieron muy bien representados por profesores como Javier Latorre o Rafaela Carrasco.<\/p>\n<p style=\"text-align: justify;\">Todo esto sin olvidar los conciertos, el dulce que atrae a miles de espectadores cada a\u00f1o. En esta ocasi\u00f3n, casi 22.000 personas pasaron por los diferentes escenarios del Festival para admirar a genios como Egberto Gismonti, John Scofield, Michael Landau, Ni\u00f1o de Pura o Charlie Hunter. Porque todo cabe en este certamen. Conciertos multitudinarios como el de Serrat y Sabina, Amaral, Jethro Tull o Miguel Poveda y audiciones en peque\u00f1os recintos como las que ofrecieron m\u00fasicos tan sublimes como Eliot Fisk, Pedro Izquierdo o Ariel Abramovich, fueron algunos de los \u00e9xitos de esta edici\u00f3n.<\/p>\n<\/div><div class=\"fusion-clearfix\"><\/div><\/div><\/div><\/div><\/div><div class=\"fusion-fullwidth fullwidth-box fusion-builder-row-3 nonhundred-percent-fullwidth non-hundred-percent-height-scrolling\" style=\"background-color: rgba(255,255,255,0);background-position: center center;background-repeat: no-repeat;padding-top:0px;padding-right:0px;padding-bottom:0px;padding-left:0px;margin-bottom: 0px;margin-top: 0px;border-width: 0px 0px 0px 0px;border-color:#e7e4e2;border-style:solid;\" ><div class=\"fusion-builder-row fusion-row\"><\/div><\/div><\/p>\n","protected":false},"excerpt":{"rendered":"","protected":false},"author":4,"featured_media":0,"parent":0,"menu_order":0,"comment_status":"closed","ping_status":"closed","template":"100-width.php","meta":[],"acf":[],"_links":{"self":[{"href":"https:\/\/teatrocordoba.es\/festival-guitarra-cordoba\/wp-json\/wp\/v2\/pages\/2735"}],"collection":[{"href":"https:\/\/teatrocordoba.es\/festival-guitarra-cordoba\/wp-json\/wp\/v2\/pages"}],"about":[{"href":"https:\/\/teatrocordoba.es\/festival-guitarra-cordoba\/wp-json\/wp\/v2\/types\/page"}],"author":[{"embeddable":true,"href":"https:\/\/teatrocordoba.es\/festival-guitarra-cordoba\/wp-json\/wp\/v2\/users\/4"}],"replies":[{"embeddable":true,"href":"https:\/\/teatrocordoba.es\/festival-guitarra-cordoba\/wp-json\/wp\/v2\/comments?post=2735"}],"version-history":[{"count":12,"href":"https:\/\/teatrocordoba.es\/festival-guitarra-cordoba\/wp-json\/wp\/v2\/pages\/2735\/revisions"}],"predecessor-version":[{"id":4282,"href":"https:\/\/teatrocordoba.es\/festival-guitarra-cordoba\/wp-json\/wp\/v2\/pages\/2735\/revisions\/4282"}],"wp:attachment":[{"href":"https:\/\/teatrocordoba.es\/festival-guitarra-cordoba\/wp-json\/wp\/v2\/media?parent=2735"}],"curies":[{"name":"wp","href":"https:\/\/api.w.org\/{rel}","templated":true}]}}