{"id":3318,"date":"2019-03-06T13:00:54","date_gmt":"2019-03-06T13:00:54","guid":{"rendered":"https:\/\/guitarracordoba.es\/?page_id=3318"},"modified":"2019-03-28T08:19:11","modified_gmt":"2019-03-28T08:19:11","slug":"actividades-2018","status":"publish","type":"page","link":"https:\/\/teatrocordoba.es\/festival-guitarra-cordoba\/actividades-2018\/","title":{"rendered":"Actividades complementarias &#8211; 2018"},"content":{"rendered":"<p><div class=\"fusion-fullwidth fullwidth-box fusion-builder-row-1 nonhundred-percent-fullwidth non-hundred-percent-height-scrolling\" style=\"background-color: #525795;background-position: center center;background-repeat: no-repeat;padding-top:0px;padding-right:0px;padding-bottom:0px;padding-left:0px;margin-bottom: 0px;margin-top: 0px;border-width: 0px 0px 0px 0px;border-color:#e7e4e2;border-style:solid;\" ><div class=\"fusion-builder-row fusion-row\"><div class=\"fusion-layout-column fusion_builder_column fusion-builder-column-0 fusion_builder_column_1_1 1_1 fusion-one-full fusion-column-first fusion-column-last\" style=\"margin-top:10px;margin-bottom:10px;\"><div class=\"fusion-column-wrapper fusion-flex-column-wrapper-legacy\" style=\"background-position:left top;background-repeat:no-repeat;-webkit-background-size:cover;-moz-background-size:cover;-o-background-size:cover;background-size:cover;padding: 0px 0px 0px 0px;\"><style type=\"text\/css\"><\/style><div class=\"fusion-title title fusion-title-1 fusion-sep-none fusion-title-text fusion-title-size-three\" style=\"margin-top:0px;margin-bottom:0px;\"><h3 class=\"title-heading-left\" style=\"margin:0;\"><span style=\"color: #ffffff; padding-left: 1%;\">Actividades Festival de la Guitarra 2018<\/span><\/h3><\/div><div class=\"fusion-clearfix\"><\/div><\/div><\/div><\/div><\/div><div class=\"fusion-fullwidth fullwidth-box fusion-builder-row-2 nonhundred-percent-fullwidth non-hundred-percent-height-scrolling fusion-equal-height-columns\" style=\"background-color: rgba(255,255,255,0);background-position: center center;background-repeat: no-repeat;padding-top:0px;padding-right:0px;padding-bottom:0px;padding-left:0px;margin-bottom: 0px;margin-top: 2%;border-width: 0px 0px 0px 0px;border-color:#e7e4e2;border-style:solid;\" ><div class=\"fusion-builder-row fusion-row\"><div class=\"fusion-layout-column fusion_builder_column fusion-builder-column-1 fusion_builder_column_1_1 1_1 fusion-one-full fusion-column-first fusion-column-last\" style=\"margin-top:10px;margin-bottom:10px;\"><div class=\"fusion-column-wrapper fusion-flex-column-wrapper-legacy\" style=\"background-position:left top;background-repeat:no-repeat;-webkit-background-size:cover;-moz-background-size:cover;-o-background-size:cover;background-size:cover;padding: 0px 0px 0px 0px;\"><style type=\"text\/css\"><\/style><div class=\"fusion-title title fusion-title-2 fusion-sep-none fusion-title-text fusion-title-size-three\" style=\"margin-top:0px;margin-bottom:30px;\"><h3 class=\"title-heading-left\" style=\"margin:0;\"><strong><span style=\"color: #525795;\">Jornadas de estudio sobre historia de la guitarra: Nombres propios de la guitarra XVII<\/span><\/strong><\/h3><\/div><div class=\"fusion-text fusion-text-1\" style=\"transform:translate3d(0,0,0);\"><p style=\"text-align: justify;\">Las Jornadas de Estudio 2018 estar\u00e1n dedicadas al reconocido guitarrista y profesor <em>Jos\u00e9 Tom\u00e1s P\u00e9rez Sell\u00e9s<\/em> (Alicante, 1934-2001) quien engloba y aglutina una serie de conceptos pedag\u00f3gicos ante sus disc\u00edpulos (muchos de ellos de fama mundial) nunca antes vistos. Supuso una revoluci\u00f3n en la ense\u00f1anza del instrumento y un despegue del \u2018concepto\u2019 de profesor, desde su m\u00e1s alta consideraci\u00f3n, siguiendo la estela de un T\u00e1rrega o un Segovia, y siendo tambi\u00e9n alumno de este \u00faltimo. De hecho, son estas tres figuras -junto con Yepes y los hermanos Sainz de la Maza- los referentes imprescindibles para entender la guitarra en Espa\u00f1a en toda su globalidad y complejidad.<\/p>\n<\/div><div class=\"fusion-alignleft\"><style type=\"text\/css\">.fusion-button.button-1 {border-radius:0px;}<\/style><a class=\"fusion-button button-flat button-large button-default button-1 fusion-button-span-no fusion-button-default-type\" target=\"_self\" href=\"https:\/\/guitarracordoba.es\/jose-tomas-y-su-legado\/\"><span class=\"fusion-button-text\">Seguir leyendo<\/span><\/a><\/div><div class=\"fusion-clearfix\"><\/div><\/div><\/div><\/div><\/div><div class=\"fusion-fullwidth fullwidth-box fusion-builder-row-3 nonhundred-percent-fullwidth non-hundred-percent-height-scrolling fusion-equal-height-columns\" style=\"background-color: rgba(255,255,255,0);background-position: center center;background-repeat: no-repeat;padding-top:0px;padding-right:0px;padding-bottom:0px;padding-left:0px;margin-bottom: 0px;margin-top: 2%;border-width: 0px 0px 0px 0px;border-color:#e7e4e2;border-style:solid;\" ><div class=\"fusion-builder-row fusion-row\"><div class=\"fusion-layout-column fusion_builder_column fusion-builder-column-2 fusion_builder_column_1_1 1_1 fusion-one-full fusion-column-first fusion-column-last\" style=\"margin-top:10px;margin-bottom:10px;\"><div class=\"fusion-column-wrapper fusion-flex-column-wrapper-legacy\" style=\"background-position:left top;background-repeat:no-repeat;-webkit-background-size:cover;-moz-background-size:cover;-o-background-size:cover;background-size:cover;padding: 0px 0px 0px 0px;\"><style type=\"text\/css\"><\/style><div class=\"fusion-title title fusion-title-3 fusion-sep-none fusion-title-text fusion-title-size-three\" style=\"margin-top:0px;margin-bottom:30px;\"><h3 class=\"title-heading-left\" style=\"margin:0;\"><strong><span style=\"color: #525795;\">Publicaciones<\/span><\/strong><\/h3><\/div><div class=\"fusion-text fusion-text-2\" style=\"transform:translate3d(0,0,0);\"><ul>\n<li><strong>Nombres Propios de la Guitarra, Volumen XVI: \u201cJIMI HENDRIX, LA LOCURA DE LAS CUERDAS\u201d <\/strong>(Recoge las conferencias de Jes\u00fas Ordov\u00e1s, Ximo T\u00e9bar , Jos\u00e9 Pru\u00f1onosa y Luis Clemente, correspondientes a las XVI Jornadas de Estudio sobre Historia de Guitarra, celebradas en 2017. Edici\u00f3n coordinada por Alfonso Osuna)<\/li>\n<\/ul>\n<\/div><div class=\"fusion-clearfix\"><\/div><\/div><\/div><\/div><\/div><div class=\"fusion-fullwidth fullwidth-box fusion-builder-row-4 nonhundred-percent-fullwidth non-hundred-percent-height-scrolling fusion-equal-height-columns\" style=\"background-color: rgba(255,255,255,0);background-position: center center;background-repeat: no-repeat;padding-top:0px;padding-right:0px;padding-bottom:0px;padding-left:0px;margin-bottom: 0px;margin-top: 2%;border-width: 0px 0px 0px 0px;border-color:#e7e4e2;border-style:solid;\" ><div class=\"fusion-builder-row fusion-row\"><div class=\"fusion-layout-column fusion_builder_column fusion-builder-column-3 fusion_builder_column_1_1 1_1 fusion-one-full fusion-column-first fusion-column-last\" style=\"margin-top:10px;margin-bottom:10px;\"><div class=\"fusion-column-wrapper fusion-flex-column-wrapper-legacy\" style=\"background-position:left top;background-repeat:no-repeat;-webkit-background-size:cover;-moz-background-size:cover;-o-background-size:cover;background-size:cover;padding: 0px 0px 0px 0px;\"><style type=\"text\/css\"><\/style><div class=\"fusion-title title fusion-title-4 fusion-sep-none fusion-title-text fusion-title-size-three\" style=\"margin-top:0px;margin-bottom:30px;\"><h3 class=\"title-heading-left\" style=\"margin:0;\"><strong><span style=\"color: #525795;\">Presentaciones<\/span><\/strong><\/h3><\/div><div class=\"fusion-text fusion-text-3\" style=\"transform:translate3d(0,0,0);\"><ul>\n<li>Presentaci\u00f3n de Nombres Propios de la Guitarra, Volumen XVI \u201cJIMI HENDRIX, LA LOCURA DE LAS CUERDAS\u201d\n<ul>\n<li><strong>Fecha<\/strong>: 9 de julio.<\/li>\n<li><strong>Presenta<\/strong>: Alfonso Osuna, coordinador de la edici\u00f3n<\/li>\n<\/ul>\n<\/li>\n<\/ul>\n<ul>\n<li>Presentaci\u00f3n del CD de Jos\u00e9 Antonio Rodr\u00edguez con la Orquesta de C\u00f3rdoba y direcci\u00f3n musical de Michael Thomas: \u201cEl guitarrista Azul, Concierto para Guitarra y Orquesta \u201d , grabado en directo en el Gran Teatro, con motivo del 35\u00ba Festival de la Guitarra de C\u00f3rdoba.\n<ul>\n<li><strong>Fecha<\/strong>: 11 de julio.<\/li>\n<li>Presentaci\u00f3n a cargo del guitarrista Jos\u00e9 Antonio Rodr\u00edguez<\/li>\n<\/ul>\n<\/li>\n<\/ul>\n<\/div><div class=\"fusion-clearfix\"><\/div><\/div><\/div><\/div><\/div><div class=\"fusion-fullwidth fullwidth-box fusion-builder-row-5 nonhundred-percent-fullwidth non-hundred-percent-height-scrolling fusion-equal-height-columns\" style=\"background-color: rgba(255,255,255,0);background-position: center center;background-repeat: no-repeat;padding-top:0px;padding-right:0px;padding-bottom:0px;padding-left:0px;margin-bottom: 0px;margin-top: 2%;border-width: 0px 0px 0px 0px;border-color:#e7e4e2;border-style:solid;\" ><div class=\"fusion-builder-row fusion-row\"><div class=\"fusion-layout-column fusion_builder_column fusion-builder-column-4 fusion_builder_column_1_1 1_1 fusion-one-full fusion-column-first fusion-column-last\" style=\"margin-top:10px;margin-bottom:10px;\"><div class=\"fusion-column-wrapper fusion-flex-column-wrapper-legacy\" style=\"background-position:left top;background-repeat:no-repeat;-webkit-background-size:cover;-moz-background-size:cover;-o-background-size:cover;background-size:cover;padding: 0px 0px 0px 0px;\"><style type=\"text\/css\"><\/style><div class=\"fusion-title title fusion-title-5 fusion-sep-none fusion-title-text fusion-title-size-three\" style=\"margin-top:0px;margin-bottom:30px;\"><h3 class=\"title-heading-left\" style=\"margin:0;\"><strong><span style=\"color: #525795;\">La m\u00fasica proyectada<\/span><\/strong><\/h3><\/div><div class=\"fusion-text fusion-text-4\" style=\"transform:translate3d(0,0,0);\"><p>Un\u00a0 ciclo de cinco proyecciones\u00a0 relacionadas con artistas destacados de la historia de la m\u00fasica de diversos tiempos y g\u00e9neros, y que\u00a0 se presenta como pre\u00e1mbulo del Festival.<\/p>\n<p><strong>Fecha<\/strong>: del 26 al 30 de junio<\/p>\n<p><strong>Lugar<\/strong>: cine de verano Fuenseca<\/p>\n<p><strong>Hora<\/strong>: 22&#8217;15 h<\/p>\n<p><strong>Precio<\/strong>: 2,50 euros<\/p>\n<\/div><div class=\"fusion-alignleft\"><style type=\"text\/css\">.fusion-button.button-2 {border-radius:0px;}<\/style><a class=\"fusion-button button-flat button-large button-default button-2 fusion-button-span-no fusion-button-default-type\" target=\"_self\" href=\"\/la-musica-proyectada\/\"><span class=\"fusion-button-text\">Ver programaci\u00f3n<\/span><\/a><\/div><div class=\"fusion-clearfix\"><\/div><\/div><\/div><\/div><\/div><\/p>\n","protected":false},"excerpt":{"rendered":"","protected":false},"author":4,"featured_media":0,"parent":0,"menu_order":0,"comment_status":"closed","ping_status":"closed","template":"","meta":[],"acf":[],"_links":{"self":[{"href":"https:\/\/teatrocordoba.es\/festival-guitarra-cordoba\/wp-json\/wp\/v2\/pages\/3318"}],"collection":[{"href":"https:\/\/teatrocordoba.es\/festival-guitarra-cordoba\/wp-json\/wp\/v2\/pages"}],"about":[{"href":"https:\/\/teatrocordoba.es\/festival-guitarra-cordoba\/wp-json\/wp\/v2\/types\/page"}],"author":[{"embeddable":true,"href":"https:\/\/teatrocordoba.es\/festival-guitarra-cordoba\/wp-json\/wp\/v2\/users\/4"}],"replies":[{"embeddable":true,"href":"https:\/\/teatrocordoba.es\/festival-guitarra-cordoba\/wp-json\/wp\/v2\/comments?post=3318"}],"version-history":[{"count":4,"href":"https:\/\/teatrocordoba.es\/festival-guitarra-cordoba\/wp-json\/wp\/v2\/pages\/3318\/revisions"}],"predecessor-version":[{"id":3459,"href":"https:\/\/teatrocordoba.es\/festival-guitarra-cordoba\/wp-json\/wp\/v2\/pages\/3318\/revisions\/3459"}],"wp:attachment":[{"href":"https:\/\/teatrocordoba.es\/festival-guitarra-cordoba\/wp-json\/wp\/v2\/media?parent=3318"}],"curies":[{"name":"wp","href":"https:\/\/api.w.org\/{rel}","templated":true}]}}