{"id":4031,"date":"2019-06-20T12:09:35","date_gmt":"2019-06-20T12:09:35","guid":{"rendered":"https:\/\/guitarracordoba.es\/?page_id=4031"},"modified":"2026-03-17T09:52:13","modified_gmt":"2026-03-17T09:52:13","slug":"guitarras-callejeras","status":"publish","type":"page","link":"https:\/\/teatrocordoba.es\/festival-guitarra-cordoba\/guitarras-callejeras\/","title":{"rendered":"Guitarras Callejeras"},"content":{"rendered":"<p><div class=\"fusion-fullwidth fullwidth-box fusion-builder-row-1 nonhundred-percent-fullwidth non-hundred-percent-height-scrolling\" style=\"background-color: rgba(255,255,255,0);background-position: center center;background-repeat: no-repeat;padding-top:0px;padding-right:0px;padding-bottom:0px;padding-left:0px;margin-bottom: 0px;margin-top: 0px;border-width: 0px 0px 0px 0px;border-color:#e7e4e2;border-style:solid;\" ><div class=\"fusion-builder-row fusion-row\"><div class=\"fusion-layout-column fusion_builder_column fusion-builder-column-0 fusion_builder_column_1_1 1_1 fusion-one-full fusion-column-first fusion-column-last\" style=\"margin-top:10px;margin-bottom:10px;\"><div class=\"fusion-column-wrapper fusion-flex-column-wrapper-legacy\" style=\"background-position:left top;background-repeat:no-repeat;-webkit-background-size:cover;-moz-background-size:cover;-o-background-size:cover;background-size:cover;padding: 0px 0px 0px 0px;\"><div class=\"fusion-text fusion-text-1\" style=\"transform:translate3d(0,0,0);\"><p>El Festival de la Guitarra de C\u00f3rdoba y Estrella Galicia, con la colaboraci\u00f3n de la Casa de la Juventud, presentan por segundo a\u00f1o una programaci\u00f3n de actuaciones e ilustradores en vivo que pretenden promocionar a pie de calle el potencial creativo de la juventud cordobesa. Guitarras callejeras lleva la m\u00fasica a puntos del Casco Hist\u00f3rico, que cumple 25 a\u00f1os de su declaraci\u00f3n como Patrimonio de la Humanidad, y locales de ocio, acompa\u00f1ados de ilustradores e ilustradoras.<\/p>\n<\/div><div class=\"fusion-clearfix\"><\/div><\/div><\/div><\/div><\/div><div class=\"fusion-fullwidth fullwidth-box fusion-builder-row-2 nonhundred-percent-fullwidth non-hundred-percent-height-scrolling\" style=\"background-color: rgba(255,255,255,0);background-position: center center;background-repeat: no-repeat;padding-top:0px;padding-right:0px;padding-bottom:0px;padding-left:0px;margin-bottom: 0px;margin-top: 0px;border-width: 0px 0px 0px 0px;border-color:#e7e4e2;border-style:solid;\" ><div class=\"fusion-builder-row fusion-row\"><div class=\"fusion-layout-column fusion_builder_column fusion-builder-column-1 fusion_builder_column_1_1 1_1 fusion-one-full fusion-column-first fusion-column-last\" style=\"margin-top:10px;margin-bottom:10px;\"><div class=\"fusion-column-wrapper fusion-flex-column-wrapper-legacy\" style=\"background-position:left top;background-repeat:no-repeat;-webkit-background-size:cover;-moz-background-size:cover;-o-background-size:cover;background-size:cover;background-color:#525795;padding: 0px 0px 0px 0px;\"><style type=\"text\/css\"><\/style><div class=\"fusion-title title fusion-title-1 fusion-sep-none fusion-title-text fusion-title-size-three\" style=\"margin-top:0px;margin-bottom:0px;\"><h3 class=\"title-heading-left\" style=\"margin:0;\"><span style=\"color: #ffffff; padding-left: 1%;\">Patrimonio de la Humanidad<\/span><\/h3><\/div><div class=\"fusion-clearfix\"><\/div><\/div><\/div><\/div><\/div><div class=\"fusion-fullwidth fullwidth-box fusion-builder-row-3 nonhundred-percent-fullwidth non-hundred-percent-height-scrolling\" style=\"background-color: rgba(255,255,255,0);background-position: center center;background-repeat: no-repeat;padding-top:0px;padding-right:0px;padding-bottom:0px;padding-left:0px;margin-bottom: 0px;margin-top: 0px;border-width: 0px 0px 0px 0px;border-color:#e7e4e2;border-style:solid;\" ><div class=\"fusion-builder-row fusion-row\"><div class=\"fusion-layout-column fusion_builder_column fusion-builder-column-2 fusion_builder_column_1_2 1_2 fusion-one-half fusion-column-first\" style=\"width:50%;width:calc(50% - ( ( 4% ) * 0.5 ) );margin-right: 4%;margin-top:10px;margin-bottom:10px;\"><div class=\"fusion-column-wrapper fusion-flex-column-wrapper-legacy\" style=\"background-position:left top;background-repeat:no-repeat;-webkit-background-size:cover;-moz-background-size:cover;-o-background-size:cover;background-size:cover;padding: 0px 0px 0px 0px;\"><div class=\"fusion-text fusion-text-2\" style=\"transform:translate3d(0,0,0);\"><h3>MARCO CONZI<\/h3>\n<p><strong>28 JUNIO<\/strong>\u00a0\u00a0 22:30h\u00a0\u00a0<strong>LUGAR<\/strong>: Puerta del puente<\/p>\n<p>Marco Conzi nace en G\u00e9nova (Italia). Con su guitarra ha viajado por todo el mundo, uni\u00e9ndolo al bel canto, la poes\u00eda y la canci\u00f3n de autor genovesa de creaci\u00f3n propia.<\/p>\n<p><strong>ILUSTRACI\u00d3N\u00a0 EN DIRECTO<\/strong>: Rafael P\u00e9rez Granados \u201cRafape\u201d<\/p>\n<\/div><div class=\"fusion-clearfix\"><\/div><\/div><\/div><div class=\"fusion-layout-column fusion_builder_column fusion-builder-column-3 fusion_builder_column_1_2 1_2 fusion-one-half fusion-column-last\" style=\"width:50%;width:calc(50% - ( ( 4% ) * 0.5 ) );margin-top:10px;margin-bottom:10px;\"><div class=\"fusion-column-wrapper fusion-flex-column-wrapper-legacy\" style=\"background-position:left top;background-repeat:no-repeat;-webkit-background-size:cover;-moz-background-size:cover;-o-background-size:cover;background-size:cover;padding: 0px 0px 0px 0px;\"><div class=\"fusion-text fusion-text-3\" style=\"transform:translate3d(0,0,0);\"><h3>BEAR, THE STORYTELLER<\/h3>\n<p><strong>1 JULIO<\/strong>\u00a0\u00a0 22:30h <strong>LUGAR<\/strong>: Puente Romano, junto a Torre de la Calahorra.<\/p>\n<p>Bear, The Storyteller, es un proyecto instrumental nacido con la idea de ir m\u00e1s all\u00e1 de la m\u00fasica. Su desarrollo es capaz de contar historias a trav\u00e9s de loops de guitarra y piano.<\/p>\n<p><strong> ILUSTRACI\u00d3N\u00a0 EN DIRECTO<\/strong>: V\u00edctor Estepa<\/p>\n<\/div><div class=\"fusion-clearfix\"><\/div><\/div><\/div><div class=\"fusion-layout-column fusion_builder_column fusion-builder-column-4 fusion_builder_column_1_2 1_2 fusion-one-half fusion-column-first\" style=\"width:50%;width:calc(50% - ( ( 4% ) * 0.5 ) );margin-right: 4%;margin-top:10px;margin-bottom:10px;\"><div class=\"fusion-column-wrapper fusion-flex-column-wrapper-legacy\" style=\"background-position:left top;background-repeat:no-repeat;-webkit-background-size:cover;-moz-background-size:cover;-o-background-size:cover;background-size:cover;padding: 0px 0px 0px 0px;\"><div class=\"fusion-text fusion-text-4\" style=\"transform:translate3d(0,0,0);\"><h3>LUC\u00cdA PADILLA<\/h3>\n<p><strong> 6 JULIO<\/strong>\u00a0\u00a0 22:30h <strong>LUGAR<\/strong>: Puerta Sevilla.<\/p>\n<p>Luc\u00eda Padilla en una joven guitarrista cl\u00e1sica natural de Villafranca de C\u00f3rdoba, graduada en el Conservatorio Superior de C\u00f3rdoba con Matr\u00edcula de honor. Ha ofrecido diversos conciertos que han sorprendido por su calidad, no re\u00f1ida con su corta edad.<\/p>\n<p><strong>ILUSTRACI\u00d3N\u00a0 EN DIRECTO<\/strong>: V\u00edctor G\u00f3mez \u201c<em>VGGInk<\/em>\u201d<\/p>\n<\/div><div class=\"fusion-clearfix\"><\/div><\/div><\/div><div class=\"fusion-layout-column fusion_builder_column fusion-builder-column-5 fusion_builder_column_1_2 1_2 fusion-one-half fusion-column-last\" style=\"width:50%;width:calc(50% - ( ( 4% ) * 0.5 ) );margin-top:10px;margin-bottom:10px;\"><div class=\"fusion-column-wrapper fusion-flex-column-wrapper-legacy\" style=\"background-position:left top;background-repeat:no-repeat;-webkit-background-size:cover;-moz-background-size:cover;-o-background-size:cover;background-size:cover;padding: 0px 0px 0px 0px;\"><div class=\"fusion-text fusion-text-5\" style=\"transform:translate3d(0,0,0);\"><h3>BARI\u015e YAVUZ<\/h3>\n<p><strong>9 JULIO<\/strong>\u00a0\u00a0 22:30h <strong>LUGAR<\/strong>: Puerta Almod\u00f3var<\/p>\n<p>Bar\u0131\u015f Yavuz , guitarrista flamenco de origen turco, naci\u00f3 en 1988 en Edirne, donde empez\u00f3 a tocar la guitarra con 12 a\u00f1os, descubriendo la magia del flamenco a los 17 y enamor\u00e1ndose de \u00e9l hasta hoy.<\/p>\n<p><strong>ILUSTRACI\u00d3N EN DIRECTO<\/strong>: Benjam\u00edn Carrascal Meneses<\/p>\n<\/div><div class=\"fusion-clearfix\"><\/div><\/div><\/div><div class=\"fusion-layout-column fusion_builder_column fusion-builder-column-6 fusion_builder_column_1_2 1_2 fusion-one-half fusion-column-first\" style=\"width:50%;width:calc(50% - ( ( 4% ) * 0.5 ) );margin-right: 4%;margin-top:10px;margin-bottom:10px;\"><div class=\"fusion-column-wrapper fusion-flex-column-wrapper-legacy\" style=\"background-position:left top;background-repeat:no-repeat;-webkit-background-size:cover;-moz-background-size:cover;-o-background-size:cover;background-size:cover;padding: 0px 0px 0px 0px;\"><div class=\"fusion-text fusion-text-6\" style=\"transform:translate3d(0,0,0);\"><h3>CURRO RUMBAO BLUES<\/h3>\n<p><strong>10 JULIO\u00a0 <\/strong>19:45h <strong>LUGAR<\/strong>: Bulevar Gran Capit\u00e1n, junto a Gran Teatro<\/p>\n<p>Curro Rumbao es un m\u00fasico cordob\u00e9s, miembro de la banda Up To The Blazz y profesor de la Escuela de M\u00fasicos El Gato. Cuenta con dos discos autoproducidos, y ha participado en grabaciones y conciertos con distintas formaciones y m\u00fasicos.<\/p>\n<p><strong>ILUSTRACI\u00d3N\u00a0 EN DIRECTO<\/strong>: Miguel \u00c1ngel Ruiz<\/p>\n<\/div><div class=\"fusion-clearfix\"><\/div><\/div><\/div><div class=\"fusion-layout-column fusion_builder_column fusion-builder-column-7 fusion_builder_column_1_2 1_2 fusion-one-half fusion-column-last\" style=\"width:50%;width:calc(50% - ( ( 4% ) * 0.5 ) );margin-top:10px;margin-bottom:10px;\"><div class=\"fusion-column-wrapper fusion-flex-column-wrapper-legacy\" style=\"background-position:left top;background-repeat:no-repeat;-webkit-background-size:cover;-moz-background-size:cover;-o-background-size:cover;background-size:cover;padding: 0px 0px 0px 0px;\"><div class=\"fusion-text fusion-text-7\" style=\"transform:translate3d(0,0,0);\"><h3>LUC\u00cdA REYES<\/h3>\n<p><strong> 11 JULIO<\/strong>\u00a0\u00a0 22:30h <strong>LUGAR<\/strong>: Calleja de las Flores.<\/p>\n<p>Lucia Reyes Fernandez comenzaba sus estudios musicales en el conservatorio Isaac Albeniz de Cabra y posteriormente en el M\u00fasico Ziryab de C\u00f3rdoba. Ha ganado varios concursos de guitarra y ha ofrecido diversos conciertos como solista.<\/p>\n<p><strong>ILUSTRACI\u00d3N\u00a0 EN DIRECTO<\/strong>: Javier Cabello<\/p>\n<\/div><div class=\"fusion-clearfix\"><\/div><\/div><\/div><div class=\"fusion-layout-column fusion_builder_column fusion-builder-column-8 fusion_builder_column_1_2 1_2 fusion-one-half fusion-column-first\" style=\"width:50%;width:calc(50% - ( ( 4% ) * 0.5 ) );margin-right: 4%;margin-top:10px;margin-bottom:10px;\"><div class=\"fusion-column-wrapper fusion-flex-column-wrapper-legacy\" style=\"background-position:left top;background-repeat:no-repeat;-webkit-background-size:cover;-moz-background-size:cover;-o-background-size:cover;background-size:cover;padding: 0px 0px 0px 0px;\"><div class=\"fusion-text fusion-text-8\" style=\"transform:translate3d(0,0,0);\"><h3>SEVEN LIVES<\/h3>\n<p><strong>11 JULIO<\/strong>\u00a0\u00a0 22:30h <strong>LUGAR<\/strong>: Plaza Corredera.<\/p>\n<p>SEVEN LIVES es una banda juvenil cordobesa de pop rock de reciente creaci\u00f3n, todos ellos compa\u00f1eros de clase, pertenecientes al programa de coordinaci\u00f3n musical del IES L\u00f3pez Neyra y el Conservatorio Profesional \u201cM\u00fasico Ziryab\u201d. Su frescura, calidad y desparpajo son sus se\u00f1as de identidad.<\/p>\n<p><strong>ILUSTRACI\u00d3N EN DIRECTO:<\/strong> Chica Navaja<\/p>\n<\/div><div class=\"fusion-clearfix\"><\/div><\/div><\/div><\/div><\/div><div class=\"fusion-fullwidth fullwidth-box fusion-builder-row-4 nonhundred-percent-fullwidth non-hundred-percent-height-scrolling\" style=\"background-color: rgba(255,255,255,0);background-position: center center;background-repeat: no-repeat;padding-top:0px;padding-right:0px;padding-bottom:0px;padding-left:0px;margin-bottom: 0px;margin-top: 0px;border-width: 0px 0px 0px 0px;border-color:#e7e4e2;border-style:solid;\" ><div class=\"fusion-builder-row fusion-row\"><div class=\"fusion-layout-column fusion_builder_column fusion-builder-column-9 fusion_builder_column_1_1 1_1 fusion-one-full fusion-column-first fusion-column-last\" style=\"margin-top:10px;margin-bottom:10px;\"><div class=\"fusion-column-wrapper fusion-flex-column-wrapper-legacy\" style=\"background-position:left top;background-repeat:no-repeat;-webkit-background-size:cover;-moz-background-size:cover;-o-background-size:cover;background-size:cover;background-color:#525795;padding: 0px 0px 0px 0px;\"><style type=\"text\/css\"><\/style><div class=\"fusion-title title fusion-title-2 fusion-sep-none fusion-title-text fusion-title-size-three\" style=\"margin-top:0px;margin-bottom:0px;\"><h3 class=\"title-heading-left\" style=\"margin:0;\"><span style=\"color: #ffffff; padding-left: 1%;\">Conciertos en bares y terrazas<\/span><\/h3><\/div><div class=\"fusion-clearfix\"><\/div><\/div><\/div><\/div><\/div><div class=\"fusion-fullwidth fullwidth-box fusion-builder-row-5 nonhundred-percent-fullwidth non-hundred-percent-height-scrolling\" style=\"background-color: rgba(255,255,255,0);background-position: center center;background-repeat: no-repeat;padding-top:0px;padding-right:0px;padding-bottom:0px;padding-left:0px;margin-bottom: 0px;margin-top: 0px;border-width: 0px 0px 0px 0px;border-color:#e7e4e2;border-style:solid;\" ><div class=\"fusion-builder-row fusion-row\"><div class=\"fusion-layout-column fusion_builder_column fusion-builder-column-10 fusion_builder_column_1_2 1_2 fusion-one-half fusion-column-first\" style=\"width:50%;width:calc(50% - ( ( 4% ) * 0.5 ) );margin-right: 4%;margin-top:10px;margin-bottom:10px;\"><div class=\"fusion-column-wrapper fusion-flex-column-wrapper-legacy\" style=\"background-position:left top;background-repeat:no-repeat;-webkit-background-size:cover;-moz-background-size:cover;-o-background-size:cover;background-size:cover;padding: 0px 0px 0px 0px;\"><div class=\"fusion-text fusion-text-9\" style=\"transform:translate3d(0,0,0);\"><h3>SAME FIRE<\/h3>\n<p><strong>21 JUNIO<\/strong>\u00a0\u00a0 22:30h <strong>LUGAR<\/strong>: Shopping Night (Bulevar).<\/p>\n<p>SAME FIRE es una banda cordobesa que fusiona el blues cl\u00e1sico con el pop y el rock alternativo. En 2018 grabaron en los Westline Studios de Madrid su primer EP: The Roots.<\/p>\n<\/div><div class=\"fusion-clearfix\"><\/div><\/div><\/div><div class=\"fusion-layout-column fusion_builder_column fusion-builder-column-11 fusion_builder_column_1_2 1_2 fusion-one-half fusion-column-last\" style=\"width:50%;width:calc(50% - ( ( 4% ) * 0.5 ) );margin-top:10px;margin-bottom:10px;\"><div class=\"fusion-column-wrapper fusion-flex-column-wrapper-legacy\" style=\"background-position:left top;background-repeat:no-repeat;-webkit-background-size:cover;-moz-background-size:cover;-o-background-size:cover;background-size:cover;padding: 0px 0px 0px 0px;\"><div class=\"fusion-text fusion-text-10\" style=\"transform:translate3d(0,0,0);\"><h3>SINTAXIS 52-13<\/h3>\n<p><strong>2 JULIO<\/strong>\u00a0\u00a0 22:30h <strong>LUGAR<\/strong>:Sala Hangar (Avda. Libertad, 2).<\/p>\n<p>SINTAXIS 52-13 es una banda de indie-rock alternativo natural de C\u00f3rdoba. Sus or\u00edgenes se remontan al verano de 2013. Ha sido banda ganadora de la IV y la VI edici\u00f3n de Dinamomusic, en 2015 y 2017 respectivamente, as\u00ed como de la I Edici\u00f3n M\u00fasica Preventiva en 2016.<\/p>\n<\/div><div class=\"fusion-clearfix\"><\/div><\/div><\/div><div class=\"fusion-layout-column fusion_builder_column fusion-builder-column-12 fusion_builder_column_1_2 1_2 fusion-one-half fusion-column-first\" style=\"width:50%;width:calc(50% - ( ( 4% ) * 0.5 ) );margin-right: 4%;margin-top:10px;margin-bottom:10px;\"><div class=\"fusion-column-wrapper fusion-flex-column-wrapper-legacy\" style=\"background-position:left top;background-repeat:no-repeat;-webkit-background-size:cover;-moz-background-size:cover;-o-background-size:cover;background-size:cover;padding: 0px 0px 0px 0px;\"><div class=\"fusion-text fusion-text-11\" style=\"transform:translate3d(0,0,0);\"><h3>LIDIA ASENJO<\/h3>\n<p><strong>4 JULIO<\/strong>\u00a0\u00a0 22:30h <strong>LUGAR<\/strong>: Restaurante Doble de Cepa (C\/Mart\u00ednez Rucker,9).<\/p>\n<p>Lidia Asenjo estudi\u00f3 guitarra cl\u00e1sica en el Conservatorio Profesional de Elche (Alicante) y estudia guitarra \ufb02amenca en el Conservatorio Superior de C\u00f3rdoba.<\/p>\n<\/div><div class=\"fusion-clearfix\"><\/div><\/div><\/div><div class=\"fusion-layout-column fusion_builder_column fusion-builder-column-13 fusion_builder_column_1_2 1_2 fusion-one-half fusion-column-last\" style=\"width:50%;width:calc(50% - ( ( 4% ) * 0.5 ) );margin-top:10px;margin-bottom:10px;\"><div class=\"fusion-column-wrapper fusion-flex-column-wrapper-legacy\" style=\"background-position:left top;background-repeat:no-repeat;-webkit-background-size:cover;-moz-background-size:cover;-o-background-size:cover;background-size:cover;padding: 0px 0px 0px 0px;\"><div class=\"fusion-text fusion-text-12\" style=\"transform:translate3d(0,0,0);\"><h3>SUN ORPHANS<\/h3>\n<p><strong>7 JULIO<\/strong>\u00a0\u00a0 22:30h <strong>LUGAR<\/strong>: Caf\u00e9 M\u00e1laga\u00a0 (C\/M\u00e1laga).<\/p>\n<p>Desde su formaci\u00f3n en 2016, el rock electrizante de Sun Orphans los ha llevado a tocar en m\u00e1s de 40 conciertos por la geograf\u00eda espa\u00f1ola. Han abierto para artistas consagrados como Mar\u00eda Arnal i Marcel Bag\u00e9s y han tocado en la pasada edici\u00f3n del Monkey Week. Presentan su \u00faltimo EP debut llamado \u201cGoodbye To The Shame\u201d.<\/p>\n<\/div><div class=\"fusion-clearfix\"><\/div><\/div><\/div><div class=\"fusion-layout-column fusion_builder_column fusion-builder-column-14 fusion_builder_column_1_2 1_2 fusion-one-half fusion-column-first\" style=\"width:50%;width:calc(50% - ( ( 4% ) * 0.5 ) );margin-right: 4%;margin-top:10px;margin-bottom:10px;\"><div class=\"fusion-column-wrapper fusion-flex-column-wrapper-legacy\" style=\"background-position:left top;background-repeat:no-repeat;-webkit-background-size:cover;-moz-background-size:cover;-o-background-size:cover;background-size:cover;padding: 0px 0px 0px 0px;\"><div class=\"fusion-text fusion-text-13\" style=\"transform:translate3d(0,0,0);\"><h3>RAMEN<\/h3>\n<p><strong>11 JULIO<\/strong>\u00a0\u00a0 22:30h <strong>LUGAR<\/strong>: Sala Hangar (Avda. Libertad).<\/p>\n<p>RAMEN! Es un power d\u00fao nacido en C\u00f3rdoba a principios del 2017. Su m\u00fasica se caracteriza por una mezcla de Rock\/Garage\/Blues rudo, sencillo y picante. Cada una de sus actuaciones se convierte en una explosi\u00f3n de sonidos.<\/p>\n<\/div><div class=\"fusion-clearfix\"><\/div><\/div><\/div><\/div><\/div><\/p>\n","protected":false},"excerpt":{"rendered":"","protected":false},"author":4,"featured_media":0,"parent":0,"menu_order":0,"comment_status":"closed","ping_status":"closed","template":"","meta":[],"acf":[],"_links":{"self":[{"href":"https:\/\/teatrocordoba.es\/festival-guitarra-cordoba\/wp-json\/wp\/v2\/pages\/4031"}],"collection":[{"href":"https:\/\/teatrocordoba.es\/festival-guitarra-cordoba\/wp-json\/wp\/v2\/pages"}],"about":[{"href":"https:\/\/teatrocordoba.es\/festival-guitarra-cordoba\/wp-json\/wp\/v2\/types\/page"}],"author":[{"embeddable":true,"href":"https:\/\/teatrocordoba.es\/festival-guitarra-cordoba\/wp-json\/wp\/v2\/users\/4"}],"replies":[{"embeddable":true,"href":"https:\/\/teatrocordoba.es\/festival-guitarra-cordoba\/wp-json\/wp\/v2\/comments?post=4031"}],"version-history":[{"count":30,"href":"https:\/\/teatrocordoba.es\/festival-guitarra-cordoba\/wp-json\/wp\/v2\/pages\/4031\/revisions"}],"predecessor-version":[{"id":9205,"href":"https:\/\/teatrocordoba.es\/festival-guitarra-cordoba\/wp-json\/wp\/v2\/pages\/4031\/revisions\/9205"}],"wp:attachment":[{"href":"https:\/\/teatrocordoba.es\/festival-guitarra-cordoba\/wp-json\/wp\/v2\/media?parent=4031"}],"curies":[{"name":"wp","href":"https:\/\/api.w.org\/{rel}","templated":true}]}}